{"id":27,"date":"2025-05-01T17:47:54","date_gmt":"2025-05-01T14:47:54","guid":{"rendered":"https:\/\/preciouscats.net\/ocean-minded\/?page_id=27"},"modified":"2025-10-27T12:58:23","modified_gmt":"2025-10-27T10:58:23","slug":"esittelyl","status":"publish","type":"page","link":"https:\/\/preciouscats.net\/ocean-minded\/esittelyl\/","title":{"rendered":"Esittely"},"content":{"rendered":"\r\n<h2 class=\"wp-block-heading\" style=\"text-align: center;\">Ocean-Minded esittelyss\u00e4<\/h2>\r\n<p><img loading=\"lazy\" decoding=\"async\" class=\"aligncenter size-full wp-image-112\" src=\"https:\/\/preciouscats.net\/ocean-minded\/wp-content\/uploads\/2025\/05\/koriste.png\" alt=\"\" width=\"440\" height=\"80\" srcset=\"https:\/\/preciouscats.net\/ocean-minded\/wp-content\/uploads\/2025\/05\/koriste.png 440w, https:\/\/preciouscats.net\/ocean-minded\/wp-content\/uploads\/2025\/05\/koriste-300x55.png 300w, https:\/\/preciouscats.net\/ocean-minded\/wp-content\/uploads\/2025\/05\/koriste-150x27.png 150w\" sizes=\"auto, (max-width: 440px) 100vw, 440px\" \/><\/p>\r\n\r\n<p style=\"text-align: left;\" data-start=\"258\" data-end=\"421\">FI*Ocean-Minded on pieni kissala Jyv\u00e4skyl\u00e4n S\u00e4yn\u00e4tsalossa. Kotonamme persialaisemme el\u00e4v\u00e4t t\u00e4ysivaltaisina perheenj\u00e4senin\u00e4 \u2013 mukana arjessa, leikeiss\u00e4 ja syliss\u00e4.<\/p>\r\n<p style=\"text-align: left;\" data-start=\"423\" data-end=\"733\">Kasvattajanimemme Ocean-Minded kertoo rakkaudesta mereen: olen itse kotoisin merenrantakaupungista, ja meri elementtin\u00e4 muistuttaa my\u00f6s puolison kanssa viett\u00e4m\u00e4\u00e4mme sapattivuotta V\u00e4limeren rantamaisemissa. Kaikkien perheenj\u00e4sentemme nimet alkavat M-kirjaimella, joten my\u00f6s kissojemme nimet ovat M-alkuisia.<\/p>\r\n<p style=\"text-align: left;\" data-start=\"735\" data-end=\"1085\">Vuonna 1992 ostin ensimm\u00e4isen persialaiseni\u00a0parhaan yst\u00e4v\u00e4ni perheen kissalan ensimm\u00e4isest\u00e4 pentueesta\u2013 v\u00e4rilt\u00e4\u00e4n se oli sininen ja nimelt\u00e4\u00e4n FI*Snazzy\u2019s Abraham. Olin seurannut heid\u00e4n harrastustaan ja innostuin kulkemaan n\u00e4yttelyiss\u00e4 seuralaisena ymp\u00e4ri Suomea. Vein my\u00f6s omaa kissaani pariin n\u00e4yttelyyn kastraattina.<\/p>\r\n<p style=\"text-align: left;\" data-start=\"1087\" data-end=\"1499\"><a href=\"https:\/\/preciouscats.net\/ocean-minded\/wp-content\/uploads\/2025\/10\/DSC_2512.jpg\"><img loading=\"lazy\" decoding=\"async\" class=\"alignright wp-image-178 size-medium\" src=\"https:\/\/preciouscats.net\/ocean-minded\/wp-content\/uploads\/2025\/10\/DSC_2512-199x300.jpg\" alt=\"\" width=\"199\" height=\"300\" srcset=\"https:\/\/preciouscats.net\/ocean-minded\/wp-content\/uploads\/2025\/10\/DSC_2512-199x300.jpg 199w, https:\/\/preciouscats.net\/ocean-minded\/wp-content\/uploads\/2025\/10\/DSC_2512-680x1024.jpg 680w, https:\/\/preciouscats.net\/ocean-minded\/wp-content\/uploads\/2025\/10\/DSC_2512-768x1156.jpg 768w, https:\/\/preciouscats.net\/ocean-minded\/wp-content\/uploads\/2025\/10\/DSC_2512-100x150.jpg 100w, https:\/\/preciouscats.net\/ocean-minded\/wp-content\/uploads\/2025\/10\/DSC_2512.jpg 797w\" sizes=\"auto, (max-width: 199px) 100vw, 199px\" \/><\/a>Perheen kasvaessa kotimme oli pitk\u00e4\u00e4n kissaton, kunnes kes\u00e4ll\u00e4 2016, esikoisen t\u00e4ytt\u00e4ess\u00e4 10 vuotta, pyysin h\u00e4nt\u00e4 etsim\u00e4\u00e4n netist\u00e4 sinist\u00e4 persialaiskissaa. Siten l\u00f6ytyi meille sininen persialaistytt\u00f6pentu Minttu (FI*Royal-Label A Kind of Magic). Varsinainen kasvatusharrastus k\u00e4ynnistyi Mintun my\u00f6t\u00e4, ja siit\u00e4 alkoi oma sinisten persialaisten linjamme, jonka s\u00e4vyss\u00e4 toivomme jatkuvan vaalean \u201cpale blue\u201d -kauneuden.<\/p>\r\n<p style=\"text-align: left;\" data-start=\"1501\" data-end=\"1775\">Mintun ensimm\u00e4isest\u00e4 pentueesta j\u00e4i kotiimme sininen poika Messi (FI*Ocean-Minded Mercury), joka syntyi keskelle pandemia-aikaa ja toi iloa koko perheelle viett\u00e4ess\u00e4mme aikaa kotona et\u00e4t\u00f6iden ja -opiskelun merkeiss\u00e4. Messist\u00e4 kasvoi komea ja lempe\u00e4 kissa, joka vei meid\u00e4t my\u00f6s huikealla menestyksell\u00e4\u00e4n mukaan n\u00e4yttelyareenoille.<\/p>\r\n<p style=\"text-align: left;\" data-start=\"1777\" data-end=\"2146\">Kasvatusty\u00f6t\u00e4mme ohjaavat terveystietoisuus, vastuullisuus, hyv\u00e4 luonne ja rodun hyvinvointi. Kaikki kasvatuksemme perustuvat PKD-negatiivisiin, terveisiin linjoihin, ja kissamme totutetaan huolelliseen k\u00e4sittelyyn ja hoitoon jo pentuna. Tavoitteenamme on jalostaa rodunomaisia, terveit\u00e4 ja yst\u00e4v\u00e4llisi\u00e4 persialaisia \u2013 kissoja, jotka tuovat iloa ja rauhaa koteihinsa.<\/p>\r\n<p style=\"text-align: left;\" data-start=\"2148\" data-end=\"2336\">Olen ollut pentujemme uusien kotien tukena my\u00f6s luovutuksen j\u00e4lkeen \u2013 auttamassa pesuissa sek\u00e4 mahdollisissa ongelmatilanteissa. T\u00e4m\u00e4 on mielest\u00e4ni vastuullisen kasvattajan perusteht\u00e4v\u00e4.<\/p>\r\n<p style=\"text-align: left;\" data-start=\"2338\" data-end=\"2571\"><a href=\"https:\/\/preciouscats.net\/ocean-minded\/wp-content\/uploads\/2025\/10\/minnajamessi.jpg\"><img loading=\"lazy\" decoding=\"async\" class=\"alignleft wp-image-186 size-medium\" src=\"https:\/\/preciouscats.net\/ocean-minded\/wp-content\/uploads\/2025\/10\/minnajamessi-229x300.jpg\" alt=\"\" width=\"229\" height=\"300\" srcset=\"https:\/\/preciouscats.net\/ocean-minded\/wp-content\/uploads\/2025\/10\/minnajamessi-229x300.jpg 229w, https:\/\/preciouscats.net\/ocean-minded\/wp-content\/uploads\/2025\/10\/minnajamessi-783x1024.jpg 783w, https:\/\/preciouscats.net\/ocean-minded\/wp-content\/uploads\/2025\/10\/minnajamessi-768x1004.jpg 768w, https:\/\/preciouscats.net\/ocean-minded\/wp-content\/uploads\/2025\/10\/minnajamessi-115x150.jpg 115w, https:\/\/preciouscats.net\/ocean-minded\/wp-content\/uploads\/2025\/10\/minnajamessi.jpg 1147w\" sizes=\"auto, (max-width: 229px) 100vw, 229px\" \/><\/a>Mentorimme ja kasvattajakollegamme muodostavat arvokkaan yhteis\u00f6n, jossa osaamista ja kokemuksia jaetaan avoimesti. Vastuullinen kasvattaja ei koskaan tule valmiiksi \u2013 siksi opimme ja kehit\u00e4mme toimintaamme jokaisen pentueen my\u00f6t\u00e4.<\/p>\r\n<p style=\"text-align: left;\" data-start=\"2573\" data-end=\"2751\">Tulevaisuudessa toivomme voivamme jatkaa pienimuotoisesti sinisten persialaisten parissa ja yll\u00e4pit\u00e4\u00e4 niiden lempe\u00e4\u00e4 luonnetta ja eleganttia kauneutta \u2013 syd\u00e4mell\u00e4 ja vastuulla, kissan ehdoilla.<\/p>\r\n<p style=\"text-align: left;\">Tulevaisuuden toivotaan olevan sinist\u00e4 persialaishattaraa!<\/p>\r\n<p>Minna Tunkkari-Eskelinen<\/p>\r\n<p>L\u00f6yd\u00e4t meid\u00e4t my\u00f6s Facebookista @ <a href=\"https:\/\/www.facebook.com\/OceanMindedCattery\" target=\"_blank\" rel=\"noopener\">https:\/\/www.facebook.com\/OceanMindedCattery<\/a><\/p>\r\n<p style=\"text-align: left; padding-left: 80px;\">\u00a0<\/p>","protected":false},"excerpt":{"rendered":"<p>Ocean-Minded esittelyss\u00e4 FI*Ocean-Minded on pieni kissala Jyv\u00e4skyl\u00e4n S\u00e4yn\u00e4tsalossa. Kotonamme persialaisemme el\u00e4v\u00e4t t\u00e4ysivaltaisina perheenj\u00e4senin\u00e4 \u2013 mukana arjessa, leikeiss\u00e4 ja syliss\u00e4. Kasvattajanimemme Ocean-Minded kertoo rakkaudesta mereen: olen itse kotoisin merenrantakaupungista, ja meri elementtin\u00e4 muistuttaa my\u00f6s puolison kanssa viett\u00e4m\u00e4\u00e4mme sapattivuotta V\u00e4limeren rantamaisemissa. Kaikkien perheenj\u00e4sentemme nimet alkavat M-kirjaimella, joten my\u00f6s kissojemme nimet ovat M-alkuisia&#8230;.<\/p>\n<p> <a class=\"continue-reading-link\" href=\"https:\/\/preciouscats.net\/ocean-minded\/esittelyl\/\"><span>Continue reading<\/span><i class=\"crycon-right-dir\"><\/i><\/a> <\/p>\n","protected":false},"author":1,"featured_media":0,"parent":0,"menu_order":0,"comment_status":"closed","ping_status":"closed","template":"","meta":{"footnotes":""},"class_list":["post-27","page","type-page","status-publish","hentry"],"_links":{"self":[{"href":"https:\/\/preciouscats.net\/ocean-minded\/wp-json\/wp\/v2\/pages\/27","targetHints":{"allow":["GET"]}}],"collection":[{"href":"https:\/\/preciouscats.net\/ocean-minded\/wp-json\/wp\/v2\/pages"}],"about":[{"href":"https:\/\/preciouscats.net\/ocean-minded\/wp-json\/wp\/v2\/types\/page"}],"author":[{"embeddable":true,"href":"https:\/\/preciouscats.net\/ocean-minded\/wp-json\/wp\/v2\/users\/1"}],"replies":[{"embeddable":true,"href":"https:\/\/preciouscats.net\/ocean-minded\/wp-json\/wp\/v2\/comments?post=27"}],"version-history":[{"count":33,"href":"https:\/\/preciouscats.net\/ocean-minded\/wp-json\/wp\/v2\/pages\/27\/revisions"}],"predecessor-version":[{"id":205,"href":"https:\/\/preciouscats.net\/ocean-minded\/wp-json\/wp\/v2\/pages\/27\/revisions\/205"}],"wp:attachment":[{"href":"https:\/\/preciouscats.net\/ocean-minded\/wp-json\/wp\/v2\/media?parent=27"}],"curies":[{"name":"wp","href":"https:\/\/api.w.org\/{rel}","templated":true}]}}