{"id":58,"date":"2020-04-16T07:57:20","date_gmt":"2020-04-16T07:57:20","guid":{"rendered":"https:\/\/preciouscats.net\/?page_id=58"},"modified":"2026-01-20T17:46:20","modified_gmt":"2026-01-20T17:46:20","slug":"pennut-kittens","status":"publish","type":"page","link":"https:\/\/preciouscats.net\/?page_id=58","title":{"rendered":"Pennut | Kittens"},"content":{"rendered":"\n<h2 class=\"wp-block-heading has-text-align-center\">Pennut | Kittens<\/h2>\n\n\n\n<p class=\"has-text-align-center\">T\u00e4ll\u00e4 hetkell\u00e4 ei pentuja varattavissa!<br>***<\/p>\n\n\n\n<p class=\"has-text-align-center\">Yst\u00e4vilt\u00e4mme on kauniita persialaispentuja varattavissa! <br><br>Minna Tunkkari-Eskelinen, Jyv\u00e4skyl\u00e4, 045 15066 38, <a href=\"mailto:tunkkariminna@gmail.com\">s\u00e4hk\u00f6posti<\/a>, <a href=\"https:\/\/www.facebook.com\/OceanMindedCattery\" target=\"_BLANK\" rel=\"noreferrer noopener\">kotisivut<\/a><\/p>\n\n\n<div class=\"wp-block-image\">\n<figure class=\"aligncenter size-large\"><img loading=\"lazy\" decoding=\"async\" width=\"650\" height=\"432\" src=\"https:\/\/preciouscats.net\/wp-content\/uploads\/2026\/01\/DSC_9827-650x432.jpg\" alt=\"\" class=\"wp-image-1009\" srcset=\"https:\/\/preciouscats.net\/wp-content\/uploads\/2026\/01\/DSC_9827-650x432.jpg 650w, https:\/\/preciouscats.net\/wp-content\/uploads\/2026\/01\/DSC_9827-300x199.jpg 300w, https:\/\/preciouscats.net\/wp-content\/uploads\/2026\/01\/DSC_9827-768x510.jpg 768w, https:\/\/preciouscats.net\/wp-content\/uploads\/2026\/01\/DSC_9827-150x100.jpg 150w, https:\/\/preciouscats.net\/wp-content\/uploads\/2026\/01\/DSC_9827.jpg 1200w\" sizes=\"auto, (max-width: 650px) 100vw, 650px\" \/><\/figure>\n<\/div>\n\n\n<p class=\"has-text-align-center\">***<\/p>\n\n\n\n<p class=\"has-text-align-center\">Hafid Tuija , Vantaa , 0458982262 viesti, <a href=\"mailto:tuija.hafid@hotmail.fi\">s\u00e4hk\u00f6posti<\/a><strong> <\/strong>, <a href=\"https:\/\/preciouscats.net\/timanfaya\">kotisivut<\/a><\/p>\n\n\n<div class=\"wp-block-image\">\n<figure class=\"aligncenter size-large\"><img loading=\"lazy\" decoding=\"async\" width=\"650\" height=\"433\" src=\"https:\/\/preciouscats.net\/wp-content\/uploads\/2026\/01\/DSC_8961-650x433.jpg\" alt=\"\" class=\"wp-image-1010\" srcset=\"https:\/\/preciouscats.net\/wp-content\/uploads\/2026\/01\/DSC_8961-650x433.jpg 650w, https:\/\/preciouscats.net\/wp-content\/uploads\/2026\/01\/DSC_8961-300x200.jpg 300w, https:\/\/preciouscats.net\/wp-content\/uploads\/2026\/01\/DSC_8961-768x512.jpg 768w, https:\/\/preciouscats.net\/wp-content\/uploads\/2026\/01\/DSC_8961-150x100.jpg 150w, https:\/\/preciouscats.net\/wp-content\/uploads\/2026\/01\/DSC_8961.jpg 1400w\" sizes=\"auto, (max-width: 650px) 100vw, 650px\" \/><\/figure>\n<\/div>\n\n\n<p class=\"has-text-align-center\"><\/p>\n","protected":false},"excerpt":{"rendered":"<p>Pennut | Kittens T\u00e4ll\u00e4 hetkell\u00e4 ei pentuja varattavissa!*** Yst\u00e4vilt\u00e4mme on kauniita persialaispentuja varattavissa! Minna Tunkkari-Eskelinen, Jyv\u00e4skyl\u00e4, 045 15066 38, s\u00e4hk\u00f6posti, kotisivut *** Hafid Tuija , Vantaa , 0458982262 viesti, s\u00e4hk\u00f6posti , kotisivut<\/p>\n<p> <a class=\"continue-reading-link\" href=\"https:\/\/preciouscats.net\/?page_id=58\"><span>Jatka lukemista<\/span><i class=\"crycon-right-dir\"><\/i><\/a> <\/p>\n","protected":false},"author":1,"featured_media":0,"parent":0,"menu_order":0,"comment_status":"closed","ping_status":"closed","template":"","meta":{"footnotes":""},"class_list":["post-58","page","type-page","status-publish","hentry"],"_links":{"self":[{"href":"https:\/\/preciouscats.net\/index.php?rest_route=\/wp\/v2\/pages\/58","targetHints":{"allow":["GET"]}}],"collection":[{"href":"https:\/\/preciouscats.net\/index.php?rest_route=\/wp\/v2\/pages"}],"about":[{"href":"https:\/\/preciouscats.net\/index.php?rest_route=\/wp\/v2\/types\/page"}],"author":[{"embeddable":true,"href":"https:\/\/preciouscats.net\/index.php?rest_route=\/wp\/v2\/users\/1"}],"replies":[{"embeddable":true,"href":"https:\/\/preciouscats.net\/index.php?rest_route=%2Fwp%2Fv2%2Fcomments&post=58"}],"version-history":[{"count":44,"href":"https:\/\/preciouscats.net\/index.php?rest_route=\/wp\/v2\/pages\/58\/revisions"}],"predecessor-version":[{"id":1013,"href":"https:\/\/preciouscats.net\/index.php?rest_route=\/wp\/v2\/pages\/58\/revisions\/1013"}],"wp:attachment":[{"href":"https:\/\/preciouscats.net\/index.php?rest_route=%2Fwp%2Fv2%2Fmedia&parent=58"}],"curies":[{"name":"wp","href":"https:\/\/api.w.org\/{rel}","templated":true}]}}