{"id":318,"date":"2020-04-17T11:39:55","date_gmt":"2020-04-17T11:39:55","guid":{"rendered":"https:\/\/preciouscats.net\/?page_id=318"},"modified":"2022-12-28T21:42:41","modified_gmt":"2022-12-28T21:42:41","slug":"esittely-about-us","status":"publish","type":"page","link":"https:\/\/preciouscats.net\/?page_id=318","title":{"rendered":"Esittely | About us"},"content":{"rendered":"\n<h2 class=\"has-text-align-center wp-block-heading\">Esittely | About us<\/h2>\n\n\n\n<h4 class=\"wp-block-heading\"><strong>Tervetuloa tutustumaan Preciousice-kissoihin <\/strong><br><strong>\u2013 ja hieman meihin taustajoukkoihinkin.<\/strong><\/h4>\n\n\n<div class=\"wp-block-image\">\n<figure class=\"alignright size-large\"><img loading=\"lazy\" decoding=\"async\" width=\"200\" height=\"200\" src=\"https:\/\/preciouscats.net\/wp-content\/uploads\/2020\/04\/CFA_musta-1.jpg\" alt=\"\" class=\"wp-image-627\" srcset=\"https:\/\/preciouscats.net\/wp-content\/uploads\/2020\/04\/CFA_musta-1.jpg 200w, https:\/\/preciouscats.net\/wp-content\/uploads\/2020\/04\/CFA_musta-1-150x150.jpg 150w\" sizes=\"auto, (max-width: 200px) 100vw, 200px\" \/><\/figure>\n<\/div>\n\n\n<p class=\"has-text-align-left\"><strong>Precious <\/strong>-kasvattajanimi on rekister\u00f6ity FIFess\u00e4 Suomen itsen\u00e4isyysp\u00e4iv\u00e4n\u00e4 6. joulukuuta 1989. Ensimm\u00e4inen Precious-pentue syntyi&nbsp; kev\u00e4\u00e4ll\u00e4 1990. Preciousice \u2013kasvattajanimi rekister\u00f6itiin CFA:han vuonna 2008 ja vuodesta 2014 kasvatuksemme on tapahtunut kokonaan CFA:n alalaisuudessa. Meill\u00e4 ei ole varsinaista kissalaa, vaan kissat el\u00e4v\u00e4t vapaasti keskuudessamme ja kotioloissa niiden p\u00e4\u00e4teht\u00e4v\u00e4 on olla lemmikkin\u00e4.<\/p>\n\n\n\n<p class=\"has-text-align-left\">Pentueita on syntynyt vuoden 1989 j\u00e4lkeen harvakseltaan. Kasvatussuunnitelmiimme kuuluvat p\u00e4\u00e4s\u00e4\u00e4nt\u00f6isesti puhdastaustaiset persialaiset, mutta silloin t\u00e4ll\u00f6in meill\u00e4 on my\u00f6s exotic-pentueita. Marikan suosikkiv\u00e4rej\u00e4 ovat sinikilpikonna, valkoinen sek\u00e4 upeav\u00e4ritteiset harlekiinit, Pauli taas tykk\u00e4\u00e4 eniten mustista ja kilpikonnista. Kasvatuksemme tavoitteena on tuottaa hyv\u00e4luonteisia ja terveit\u00e4 persialaiskissoja, jotka vastaavat j\u00e4rjest\u00f6mme rotustandardia, mutta n\u00e4yttelymenestyksell\u00e4 ei ole niin suurta merkityst\u00e4 vaan t\u00e4rkeint\u00e4 on itse pit\u00e4\u00e4 kissoistaan. Koska kasvatuksemme on varsin pienimuotoista, meill\u00e4 on silloin t\u00e4ll\u00f6in tarjolla omaa kotiaan etsivi\u00e4 pentuja tai kasvatusk\u00e4yt\u00f6st\u00e4 poistettuja nuoria aikuisia. N\u00e4yttelykokemusta meille on kertynyt varsin runsaasti vuosien varrella ja kasvattejamme on palkittu niin World Winner, Scandinavian Winner ja Regional Winner \u2013titteleill\u00e4.<\/p>\n\n\n\n<p class=\"has-text-align-left\">Marika on koulutukseltaan tietoj\u00e4rjestelm\u00e4osaamisen tradenomi ja ty\u00f6skentelee testausinsin\u00f6\u00f6rin\u00e4. Harrastuspuolella h\u00e4n on toimittanut ja taittanut useita kissa-aiheisia harrastuslehti\u00e4, pisimp\u00e4\u00e4n Persialaiskissat ry:n lehte\u00e4 jo reilun parin kymmenen vuoden ajan. Lis\u00e4ksi h\u00e4n harrastaa valokuvaamista ja onkin julkaissut lukuisia kuvia ottamistaan eri rotuisista kissoista ja my\u00f6skin ihmisist\u00e4. Marika on my\u00f6s suomalaisen CFA-yhdistyksen Cat Fanciers of Finlandin n\u00e4yttelysihteeri. Lis\u00e4ksi h\u00e4n on toisen suomalaisen CFA yhdistyksen Sherwood Manx \u2013klubin puheenjohtaja.<\/p>\n\n\n\n<p class=\"has-text-align-left\">Pauli on koulutukseltaan medianomi ja ty\u00f6skentelee leikkaajana suomalaisessa mediayhti\u00f6ss\u00e4. Ty\u00f6t aina silloin t\u00e4ll\u00f6in heitt\u00e4v\u00e4t Paulia ymp\u00e4ri maailmaa ja h\u00e4n onkin saanut kunnian ty\u00f6skennell\u00e4 kaikissa Olympialaisissa Ateenan vuoden 2004 kes\u00e4olympialaisista l\u00e4htien. Urheilu ei kuitenkaan ole Paulin p\u00e4\u00e4ty\u00f6, vaan p\u00e4\u00e4st\u00e4\u00e4nt\u00f6isesti h\u00e4n ty\u00f6skentelee lastenohjelmien parissa, joiden leikkaamisesta h\u00e4n on voittanut muutaman palkinnonkin. Kissaharrastuspuolella Pauli on CFA:n lisensoitu Master Clerk ja toiminut CFA -yhdistyksen Cat Fanciers of Finlandin hallituksessa vuodesta 2008 l\u00e4htien ja on t\u00e4ll\u00e4 hetkell\u00e4 yhdistyksen sihteeri. Toisessa CFA-yhdistyksess\u00e4 eli Sophisto Cat Clubissa Pauli toimii puheenjohtajana. Pauli on toiminut my\u00f6s CFA:n Euroopan regiona 9:n Regional Directorina 2012-2014 ja vuodesta 2015 l\u00e4htien h\u00e4n on ollut Euroopan edustaja CFA:n Protestikomiteassa.<\/p>\n\n\n\n<figure class=\"wp-block-gallery has-nested-images columns-5 wp-block-gallery-1 is-layout-flex wp-block-gallery-is-layout-flex\">\n<figure class=\"wp-block-image size-large\"><img loading=\"lazy\" decoding=\"async\" width=\"531\" height=\"800\" data-id=\"176\" src=\"https:\/\/preciouscats.net\/wp-content\/uploads\/2020\/04\/DSC_5211.jpg\" alt=\"\" class=\"wp-image-176\" srcset=\"https:\/\/preciouscats.net\/wp-content\/uploads\/2020\/04\/DSC_5211.jpg 531w, https:\/\/preciouscats.net\/wp-content\/uploads\/2020\/04\/DSC_5211-199x300.jpg 199w, https:\/\/preciouscats.net\/wp-content\/uploads\/2020\/04\/DSC_5211-100x150.jpg 100w\" sizes=\"auto, (max-width: 531px) 100vw, 531px\" \/><\/figure>\n\n\n\n<figure class=\"wp-block-image size-large\"><img loading=\"lazy\" decoding=\"async\" width=\"683\" height=\"1024\" data-id=\"652\" src=\"https:\/\/preciouscats.net\/wp-content\/uploads\/2020\/04\/DSC_7978-683x1024.jpg\" alt=\"\" class=\"wp-image-652\" srcset=\"https:\/\/preciouscats.net\/wp-content\/uploads\/2020\/04\/DSC_7978-683x1024.jpg 683w, https:\/\/preciouscats.net\/wp-content\/uploads\/2020\/04\/DSC_7978-200x300.jpg 200w, https:\/\/preciouscats.net\/wp-content\/uploads\/2020\/04\/DSC_7978-768x1152.jpg 768w, https:\/\/preciouscats.net\/wp-content\/uploads\/2020\/04\/DSC_7978-100x150.jpg 100w, https:\/\/preciouscats.net\/wp-content\/uploads\/2020\/04\/DSC_7978.jpg 800w\" sizes=\"auto, (max-width: 683px) 100vw, 683px\" \/><\/figure>\n\n\n\n<figure class=\"wp-block-image size-large\"><img loading=\"lazy\" decoding=\"async\" width=\"600\" height=\"900\" data-id=\"658\" src=\"https:\/\/preciouscats.net\/wp-content\/uploads\/2020\/04\/DSC_6269.jpg\" alt=\"\" class=\"wp-image-658\" srcset=\"https:\/\/preciouscats.net\/wp-content\/uploads\/2020\/04\/DSC_6269.jpg 600w, https:\/\/preciouscats.net\/wp-content\/uploads\/2020\/04\/DSC_6269-200x300.jpg 200w, https:\/\/preciouscats.net\/wp-content\/uploads\/2020\/04\/DSC_6269-100x150.jpg 100w\" sizes=\"auto, (max-width: 600px) 100vw, 600px\" \/><\/figure>\n\n\n\n<figure class=\"wp-block-image size-large\"><img loading=\"lazy\" decoding=\"async\" width=\"664\" height=\"1000\" data-id=\"662\" src=\"https:\/\/preciouscats.net\/wp-content\/uploads\/2020\/04\/DSC_0911.jpg\" alt=\"\" class=\"wp-image-662\" srcset=\"https:\/\/preciouscats.net\/wp-content\/uploads\/2020\/04\/DSC_0911.jpg 664w, https:\/\/preciouscats.net\/wp-content\/uploads\/2020\/04\/DSC_0911-199x300.jpg 199w, https:\/\/preciouscats.net\/wp-content\/uploads\/2020\/04\/DSC_0911-100x150.jpg 100w\" sizes=\"auto, (max-width: 664px) 100vw, 664px\" \/><\/figure>\n\n\n\n<figure class=\"wp-block-image size-large\"><img loading=\"lazy\" decoding=\"async\" width=\"664\" height=\"1000\" data-id=\"663\" src=\"https:\/\/preciouscats.net\/wp-content\/uploads\/2020\/04\/DSC_4819.jpg\" alt=\"\" class=\"wp-image-663\" srcset=\"https:\/\/preciouscats.net\/wp-content\/uploads\/2020\/04\/DSC_4819.jpg 664w, https:\/\/preciouscats.net\/wp-content\/uploads\/2020\/04\/DSC_4819-199x300.jpg 199w, https:\/\/preciouscats.net\/wp-content\/uploads\/2020\/04\/DSC_4819-100x150.jpg 100w\" sizes=\"auto, (max-width: 664px) 100vw, 664px\" \/><\/figure>\n<\/figure>\n\n\n\n<h4 class=\"wp-block-heading\"><strong>Welcome to Preciousice website!<\/strong><\/h4>\n\n\n\n<p class=\"has-text-align-left\">The Precious cattery name is first registered in FIFe on Finland\u2019s Independence Day on December 6th, 1989. The first litter was born in the spring of 1990.&nbsp; Later the Preciousice catteryname was registered with the CFA in 2008 and since 2014 our breeding has taken place entrirely under the CFA.<\/p>\n\n\n\n<p class=\"has-text-align-left\">We do not have an actual cattery, but cats live freely among us and their main function is to be pempered pet. Our breeding focuses on purebred Persians, but every now and then we have Exotic litters as well. Marika\u2019s favorite colors are bluecreams, white and gorgeous harlequins, while Pauli likes black and torties the most. The success at show bench is not that important for us but the most important is that we like our cats ourselves. We do show actively and our cats have been awarded World Winner, Scandinavian Winner and Regional Winner titles and have bunch of Grand Champions.<\/p>\n\n\n\n<p class=\"has-text-align-left\">Marika has a master\u2019s degree in Business Administration\/Information System Competence and works as test engineer. On the hobby side, she has edited and design several cat magazines, the longest being the Persialaiskissat magazine (The Finnish Persian cat club magazine) for more than a couple of decades. She enjoys photography and usually publishes lots of pics from shows, but she also do studio shootings. Even her mushroom pics have been published in books. Marika is also the Entry Clerk for Cat Fanciers of Finland. Marika is member of the CFA Persian Breed Council.<\/p>\n\n\n\n<p class=\"has-text-align-left\">Pauli has a bachelor\u2019s degree in film editing and he is working at TV station as an editor. Since Athens 2004 Olympics he has worked for every Summer and Winter Olympics. Sports editing is not Pauli\u2019s main job, but mainly different children\u2019s programs, for which he has won a few awards about editing. Pauli is a CFA licensed Master Clerk and has served on Cat Fanciers of Finland board since 2008.<\/p>\n\n\n\n<p class=\"has-text-align-left\">Pauli was elected as very first Regional Director for The CFA Region 9 Europe. Past few years he has been the European liason on the CFA Protest Committee. Pauli is also member of the CFA Persian Breed Council.<\/p>\n","protected":false},"excerpt":{"rendered":"<p>Esittely | About us Tervetuloa tutustumaan Preciousice-kissoihin \u2013 ja hieman meihin taustajoukkoihinkin. Precious -kasvattajanimi on rekister\u00f6ity FIFess\u00e4 Suomen itsen\u00e4isyysp\u00e4iv\u00e4n\u00e4 6. joulukuuta 1989. Ensimm\u00e4inen Precious-pentue syntyi&nbsp; kev\u00e4\u00e4ll\u00e4 1990. Preciousice \u2013kasvattajanimi rekister\u00f6itiin CFA:han vuonna 2008 ja vuodesta 2014 kasvatuksemme on tapahtunut kokonaan CFA:n alalaisuudessa. Meill\u00e4 ei ole varsinaista kissalaa, vaan kissat el\u00e4v\u00e4t&#8230;<\/p>\n<p> <a class=\"continue-reading-link\" href=\"https:\/\/preciouscats.net\/?page_id=318\"><span>Jatka lukemista<\/span><i class=\"crycon-right-dir\"><\/i><\/a> <\/p>\n","protected":false},"author":1,"featured_media":0,"parent":0,"menu_order":0,"comment_status":"closed","ping_status":"closed","template":"","meta":{"footnotes":""},"class_list":["post-318","page","type-page","status-publish","hentry"],"_links":{"self":[{"href":"https:\/\/preciouscats.net\/index.php?rest_route=\/wp\/v2\/pages\/318","targetHints":{"allow":["GET"]}}],"collection":[{"href":"https:\/\/preciouscats.net\/index.php?rest_route=\/wp\/v2\/pages"}],"about":[{"href":"https:\/\/preciouscats.net\/index.php?rest_route=\/wp\/v2\/types\/page"}],"author":[{"embeddable":true,"href":"https:\/\/preciouscats.net\/index.php?rest_route=\/wp\/v2\/users\/1"}],"replies":[{"embeddable":true,"href":"https:\/\/preciouscats.net\/index.php?rest_route=%2Fwp%2Fv2%2Fcomments&post=318"}],"version-history":[{"count":30,"href":"https:\/\/preciouscats.net\/index.php?rest_route=\/wp\/v2\/pages\/318\/revisions"}],"predecessor-version":[{"id":911,"href":"https:\/\/preciouscats.net\/index.php?rest_route=\/wp\/v2\/pages\/318\/revisions\/911"}],"wp:attachment":[{"href":"https:\/\/preciouscats.net\/index.php?rest_route=%2Fwp%2Fv2%2Fmedia&parent=318"}],"curies":[{"name":"wp","href":"https:\/\/api.w.org\/{rel}","templated":true}]}}