{"id":15,"date":"2022-06-21T08:47:53","date_gmt":"2022-06-21T05:47:53","guid":{"rendered":"http:\/\/www.preciouscats.net\/azulejos\/?page_id=15"},"modified":"2022-06-21T15:32:58","modified_gmt":"2022-06-21T12:32:58","slug":"esittely","status":"publish","type":"page","link":"https:\/\/www.preciouscats.net\/azulejos\/esittely\/","title":{"rendered":"Esittely"},"content":{"rendered":"<h1>Esittely<\/h1>\n<p><img loading=\"lazy\" decoding=\"async\" class=\"size-full wp-image-90 alignright\" src=\"http:\/\/www.preciouscats.net\/azulejos\/wp-content\/uploads\/2022\/06\/soilekissat.jpg\" alt=\"\" width=\"315\" height=\"315\" srcset=\"https:\/\/www.preciouscats.net\/azulejos\/wp-content\/uploads\/2022\/06\/soilekissat.jpg 315w, https:\/\/www.preciouscats.net\/azulejos\/wp-content\/uploads\/2022\/06\/soilekissat-150x150.jpg 150w\" sizes=\"auto, (max-width: 315px) 100vw, 315px\" \/>Kaikki alkoi el\u00e4m\u00e4ni ensimm\u00e4isest\u00e4 kissasta Ursulasta, joka tuotiin minulle syntym\u00e4p\u00e4iv\u00e4-lahjaksi lokakuussa 2007. Ja yksi kissa johti toiseen&#8230;<\/p>\n<p>L\u00e4hdin Pirokin kissan\u00e4yttelyyn tutustumaan exotic-kissoihin. Suunnittelin sellaista Ursulalle kaveriksi. Mutta heti kun n\u00e4in upeat persialaiskissat, olin myyty! Juuri sellaisen haluaisin, upean ja ihastuttavan kauniin kissan!<\/p>\n<p>Ensimm\u00e4inen persialainen, sinivalkea Asta (Jarbabin Sous le Vent) tuli syksyll\u00e4 2008 ja kes\u00e4ll\u00e4 2009 Ruotsista muutti kilpikonnaharlekiini Pamela (Marylands Sweeth tooth). Pitk\u00e4karvaiset persialaiset saivat kaverikseen my\u00f6s lyhytkarvaisia serkkujaan exoticeja vuosien varrella ja t\u00e4ll\u00e4 hetkell\u00e4 keskityn exoticien kasvattamiseen, mutta my\u00f6s persialaispentuja syntyy pentueisiini.<\/p>\n<p>N\u00e4yttelyiss\u00e4 ihastuin manxeihin ja ensimm\u00e4inen manx-tytt\u00f6 Sini muutti luokseni syksyll\u00e4 2021.<\/p>\n<p>Suuri intohimoni on n\u00e4yttelyt ja niiss\u00e4 on tullut menestyst\u00e4kin, josta kiitos kissojeni kasvattajille ja kasvattieni omistajille!<\/p>\n<p>Tavoitteenani on saada aikaan upeita ja terveit\u00e4 kissoja sek\u00e4 n\u00e4yttelyharrastukseen ett\u00e4 perheenj\u00e4seniksi rakastaviin koteihin.<\/p>\n<p>Kissani ovat terveist\u00e4 ja testatuista (PKD-DNA-, FeLV-, FIV-neg) linjoista.<\/p>\n<p><img loading=\"lazy\" decoding=\"async\" class=\"aligncenter size-full wp-image-79\" src=\"http:\/\/www.preciouscats.net\/azulejos\/wp-content\/uploads\/2022\/06\/tiili.jpg\" alt=\"\" width=\"50\" height=\"50\" \/><\/p>\n<p style=\"text-align: center;\">Soile Hannukainen<br \/>\nTampere<br \/>\n040-5857862<br \/>\nsuulma@hotmail.com<\/p>\n","protected":false},"excerpt":{"rendered":"<p>Esittely Kaikki alkoi el\u00e4m\u00e4ni ensimm\u00e4isest\u00e4 kissasta Ursulasta, joka tuotiin minulle syntym\u00e4p\u00e4iv\u00e4-lahjaksi lokakuussa 2007. Ja yksi kissa johti toiseen&#8230; L\u00e4hdin Pirokin kissan\u00e4yttelyyn tutustumaan exotic-kissoihin. Suunnittelin sellaista Ursulalle kaveriksi. Mutta heti kun n\u00e4in upeat persialaiskissat, olin myyty! Juuri sellaisen haluaisin, upean ja ihastuttavan kauniin kissan! Ensimm\u00e4inen persialainen, sinivalkea Asta (Jarbabin Sous le&#8230;<\/p>\n<p> <a class=\"continue-reading-link\" href=\"https:\/\/www.preciouscats.net\/azulejos\/esittely\/\"><span>Jatka lukemista<\/span><i class=\"crycon-right-dir\"><\/i><\/a> <\/p>\n","protected":false},"author":1,"featured_media":0,"parent":0,"menu_order":0,"comment_status":"closed","ping_status":"closed","template":"","meta":{"footnotes":""},"class_list":["post-15","page","type-page","status-publish","hentry"],"_links":{"self":[{"href":"https:\/\/www.preciouscats.net\/azulejos\/wp-json\/wp\/v2\/pages\/15","targetHints":{"allow":["GET"]}}],"collection":[{"href":"https:\/\/www.preciouscats.net\/azulejos\/wp-json\/wp\/v2\/pages"}],"about":[{"href":"https:\/\/www.preciouscats.net\/azulejos\/wp-json\/wp\/v2\/types\/page"}],"author":[{"embeddable":true,"href":"https:\/\/www.preciouscats.net\/azulejos\/wp-json\/wp\/v2\/users\/1"}],"replies":[{"embeddable":true,"href":"https:\/\/www.preciouscats.net\/azulejos\/wp-json\/wp\/v2\/comments?post=15"}],"version-history":[{"count":4,"href":"https:\/\/www.preciouscats.net\/azulejos\/wp-json\/wp\/v2\/pages\/15\/revisions"}],"predecessor-version":[{"id":92,"href":"https:\/\/www.preciouscats.net\/azulejos\/wp-json\/wp\/v2\/pages\/15\/revisions\/92"}],"wp:attachment":[{"href":"https:\/\/www.preciouscats.net\/azulejos\/wp-json\/wp\/v2\/media?parent=15"}],"curies":[{"name":"wp","href":"https:\/\/api.w.org\/{rel}","templated":true}]}}