{"id":3101,"date":"2022-02-20T09:36:41","date_gmt":"2022-02-20T07:36:41","guid":{"rendered":"http:\/\/preciouscats.net\/nipsu-nappulan\/?page_id=3101"},"modified":"2024-03-03T17:29:28","modified_gmt":"2024-03-03T15:29:28","slug":"f3-exo-per-pentue-litter","status":"publish","type":"page","link":"http:\/\/preciouscats.net\/nipsu-nappulan\/f3-exo-per-pentue-litter\/","title":{"rendered":"F3 EXO\/PER-PENTUE\/LITTER"},"content":{"rendered":"<h4 style=\"text-align: center;\">F3-pentue syntyi 11.02.2022<br \/>\nF3-litter was born 11.02.2022<\/h4>\n<p style=\"text-align: center;\"><img loading=\"lazy\" decoding=\"async\" class=\"aligncenter wp-image-1433 size-full\" src=\"http:\/\/preciouscats.net\/nipsu-nappulan\/wp-content\/uploads\/2015\/09\/koriste-1.gif\" alt=\"koriste\" width=\"126\" height=\"48\" srcset=\"http:\/\/preciouscats.net\/nipsu-nappulan\/wp-content\/uploads\/2015\/09\/koriste-1.gif 126w, http:\/\/preciouscats.net\/nipsu-nappulan\/wp-content\/uploads\/2015\/09\/koriste-1-125x48.gif 125w\" sizes=\"auto, (max-width: 126px) 100vw, 126px\" \/><\/p>\n<p style=\"text-align: center;\"><a href=\"http:\/\/preciouscats.net\/nipsu-nappulan\/wp-content\/uploads\/2022\/04\/IMG_6263.jpg\"><img loading=\"lazy\" decoding=\"async\" class=\"size-full wp-image-3161 aligncenter\" src=\"http:\/\/preciouscats.net\/nipsu-nappulan\/wp-content\/uploads\/2022\/04\/IMG_6263.jpg\" alt=\"\" width=\"1200\" height=\"635\" srcset=\"http:\/\/preciouscats.net\/nipsu-nappulan\/wp-content\/uploads\/2022\/04\/IMG_6263.jpg 1200w, http:\/\/preciouscats.net\/nipsu-nappulan\/wp-content\/uploads\/2022\/04\/IMG_6263-300x159.jpg 300w, http:\/\/preciouscats.net\/nipsu-nappulan\/wp-content\/uploads\/2022\/04\/IMG_6263-1024x542.jpg 1024w, http:\/\/preciouscats.net\/nipsu-nappulan\/wp-content\/uploads\/2022\/04\/IMG_6263-768x406.jpg 768w, http:\/\/preciouscats.net\/nipsu-nappulan\/wp-content\/uploads\/2022\/04\/IMG_6263-150x79.jpg 150w\" sizes=\"auto, (max-width: 1200px) 100vw, 1200px\" \/><\/a><strong>Eimi, Aini ja Iivo<\/strong><\/p>\n<p><img loading=\"lazy\" decoding=\"async\" class=\"aligncenter wp-image-3244\" src=\"http:\/\/preciouscats.net\/nipsu-nappulan\/wp-content\/uploads\/2022\/04\/iivo_6483.jpg\" alt=\"\" width=\"600\" height=\"747\" srcset=\"http:\/\/preciouscats.net\/nipsu-nappulan\/wp-content\/uploads\/2022\/04\/iivo_6483.jpg 643w, http:\/\/preciouscats.net\/nipsu-nappulan\/wp-content\/uploads\/2022\/04\/iivo_6483-241x300.jpg 241w, http:\/\/preciouscats.net\/nipsu-nappulan\/wp-content\/uploads\/2022\/04\/iivo_6483-121x150.jpg 121w\" sizes=\"auto, (max-width: 600px) 100vw, 600px\" \/><\/p>\n<p style=\"text-align: center;\"><strong>FI*Nipsu-Nappulan Floating Through S<\/strong><strong>pace, &#8221;IIVO&#8221;<\/strong><br \/>\nPER n 03 22, ruskeatabbyvalkea persialainen poika<\/p>\n<p>&nbsp;<\/p>\n<p style=\"text-align: center;\"><img loading=\"lazy\" decoding=\"async\" class=\"aligncenter wp-image-3235 size-full\" src=\"http:\/\/preciouscats.net\/nipsu-nappulan\/wp-content\/uploads\/2022\/04\/eimi_6492.jpg\" alt=\"\" width=\"800\" height=\"678\" srcset=\"http:\/\/preciouscats.net\/nipsu-nappulan\/wp-content\/uploads\/2022\/04\/eimi_6492.jpg 800w, http:\/\/preciouscats.net\/nipsu-nappulan\/wp-content\/uploads\/2022\/04\/eimi_6492-300x254.jpg 300w, http:\/\/preciouscats.net\/nipsu-nappulan\/wp-content\/uploads\/2022\/04\/eimi_6492-768x651.jpg 768w, http:\/\/preciouscats.net\/nipsu-nappulan\/wp-content\/uploads\/2022\/04\/eimi_6492-150x127.jpg 150w\" sizes=\"auto, (max-width: 800px) 100vw, 800px\" \/><\/p>\n<p style=\"text-align: center;\"><strong>FI*Nipsu-Nappulan Finland Maiden, &#8221;EIMI&#8221;<\/strong><br \/>\nEXO n 24, ruskeat\u00e4plik\u00e4s exotic tytt\u00f6<\/p>\n<p>&nbsp;<\/p>\n<p><img loading=\"lazy\" decoding=\"async\" class=\"aligncenter wp-image-3234\" src=\"http:\/\/preciouscats.net\/nipsu-nappulan\/wp-content\/uploads\/2022\/04\/aini_6556.jpg\" alt=\"\" width=\"800\" height=\"518\" srcset=\"http:\/\/preciouscats.net\/nipsu-nappulan\/wp-content\/uploads\/2022\/04\/aini_6556.jpg 1200w, http:\/\/preciouscats.net\/nipsu-nappulan\/wp-content\/uploads\/2022\/04\/aini_6556-300x194.jpg 300w, http:\/\/preciouscats.net\/nipsu-nappulan\/wp-content\/uploads\/2022\/04\/aini_6556-1024x663.jpg 1024w, http:\/\/preciouscats.net\/nipsu-nappulan\/wp-content\/uploads\/2022\/04\/aini_6556-768x497.jpg 768w, http:\/\/preciouscats.net\/nipsu-nappulan\/wp-content\/uploads\/2022\/04\/aini_6556-150x97.jpg 150w\" sizes=\"auto, (max-width: 800px) 100vw, 800px\" \/><\/p>\n<p style=\"text-align: center;\"><strong>FI*Nipsu-Nappulan Flower of the Universe, &#8221;AINI&#8221;<\/strong><br \/>\nEXO ns 24 62, hopeat\u00e4plik\u00e4s exotic tytt\u00f6<\/p>\n<p>&nbsp;<\/p>\n<p><img loading=\"lazy\" decoding=\"async\" class=\"aligncenter wp-image-1433 size-full\" src=\"http:\/\/preciouscats.net\/nipsu-nappulan\/wp-content\/uploads\/2015\/09\/koriste-1.gif\" alt=\"koriste\" width=\"126\" height=\"48\" srcset=\"http:\/\/preciouscats.net\/nipsu-nappulan\/wp-content\/uploads\/2015\/09\/koriste-1.gif 126w, http:\/\/preciouscats.net\/nipsu-nappulan\/wp-content\/uploads\/2015\/09\/koriste-1-125x48.gif 125w\" sizes=\"auto, (max-width: 126px) 100vw, 126px\" \/><\/p>\n<p>&nbsp;<\/p>\n<p style=\"text-align: center;\"><a href=\"http:\/\/preciouscats.net\/nipsu-nappulan\/wp-content\/uploads\/2022\/02\/kingi_x_maija.jpg\"><img loading=\"lazy\" decoding=\"async\" class=\"alignnone size-full wp-image-2935 aligncenter\" src=\"http:\/\/preciouscats.net\/nipsu-nappulan\/wp-content\/uploads\/2022\/02\/kingi_x_maija.jpg\" alt=\"\" width=\"600\" height=\"300\" srcset=\"http:\/\/preciouscats.net\/nipsu-nappulan\/wp-content\/uploads\/2022\/02\/kingi_x_maija.jpg 600w, http:\/\/preciouscats.net\/nipsu-nappulan\/wp-content\/uploads\/2022\/02\/kingi_x_maija-300x150.jpg 300w, http:\/\/preciouscats.net\/nipsu-nappulan\/wp-content\/uploads\/2022\/02\/kingi_x_maija-150x75.jpg 150w\" sizes=\"auto, (max-width: 600px) 100vw, 600px\" \/><\/a>is\u00e4 \/ sire: SC FI*Timanfaya More Than Words (PER ns 24 62)<br \/>\n<a href=\"http:\/\/kissat.kissaliitto.fi\/perusnaytto_kissa.aspx?id=175039\" target=\"_blank\" rel=\"noopener\">Sukutaulu (klikkaa \u201dsukupuu\u201d) | Pedigree (click \u201dsukupuu\u201d)<\/a><br \/>\nemo \/ dam: FI*Nipsu-Nappulan All That She Wants (EXO n 03 24)<br \/>\n<a href=\"http:\/\/kissat.kissaliitto.fi\/perusnaytto_kissa.aspx?id=261984\" target=\"_blank\" rel=\"noopener\">Sukutaulu (klikkaa \u201dsukupuu\u201d) | Pedigree (click \u201dsukupuu\u201d)<\/a><\/p>\n<p>&nbsp;<\/p>\n<p><img loading=\"lazy\" decoding=\"async\" class=\"aligncenter wp-image-1433 size-full\" src=\"http:\/\/preciouscats.net\/nipsu-nappulan\/wp-content\/uploads\/2015\/09\/koriste-1.gif\" alt=\"koriste\" width=\"126\" height=\"48\" srcset=\"http:\/\/preciouscats.net\/nipsu-nappulan\/wp-content\/uploads\/2015\/09\/koriste-1.gif 126w, http:\/\/preciouscats.net\/nipsu-nappulan\/wp-content\/uploads\/2015\/09\/koriste-1-125x48.gif 125w\" sizes=\"auto, (max-width: 126px) 100vw, 126px\" \/><\/p>\n<p>[envira-gallery id=&#8221;3191&#8243;]<\/p>\n<p>&nbsp;<\/p>\n","protected":false},"excerpt":{"rendered":"<p>F3-pentue syntyi 11.02.2022 F3-litter was born 11.02.2022 Eimi, Aini ja Iivo FI*Nipsu-Nappulan Floating Through Space, &#8221;IIVO&#8221; PER n 03 22, ruskeatabbyvalkea persialainen poika &nbsp; FI*Nipsu-Nappulan Finland Maiden, &#8221;EIMI&#8221; EXO n 24, ruskeat\u00e4plik\u00e4s exotic tytt\u00f6 &nbsp; FI*Nipsu-Nappulan Flower of the Universe, &#8221;AINI&#8221; EXO ns 24 62, hopeat\u00e4plik\u00e4s exotic tytt\u00f6 &nbsp; &nbsp;&#8230;<\/p>\n<p> <a class=\"continue-reading-link\" href=\"http:\/\/preciouscats.net\/nipsu-nappulan\/f3-exo-per-pentue-litter\/\"><span>Jatka lukemista<\/span><i class=\"crycon-right-dir\"><\/i><\/a> <\/p>\n","protected":false},"author":4,"featured_media":0,"parent":0,"menu_order":0,"comment_status":"closed","ping_status":"closed","template":"","meta":{"footnotes":""},"class_list":["post-3101","page","type-page","status-publish","hentry"],"_links":{"self":[{"href":"http:\/\/preciouscats.net\/nipsu-nappulan\/wp-json\/wp\/v2\/pages\/3101","targetHints":{"allow":["GET"]}}],"collection":[{"href":"http:\/\/preciouscats.net\/nipsu-nappulan\/wp-json\/wp\/v2\/pages"}],"about":[{"href":"http:\/\/preciouscats.net\/nipsu-nappulan\/wp-json\/wp\/v2\/types\/page"}],"author":[{"embeddable":true,"href":"http:\/\/preciouscats.net\/nipsu-nappulan\/wp-json\/wp\/v2\/users\/4"}],"replies":[{"embeddable":true,"href":"http:\/\/preciouscats.net\/nipsu-nappulan\/wp-json\/wp\/v2\/comments?post=3101"}],"version-history":[{"count":17,"href":"http:\/\/preciouscats.net\/nipsu-nappulan\/wp-json\/wp\/v2\/pages\/3101\/revisions"}],"predecessor-version":[{"id":3484,"href":"http:\/\/preciouscats.net\/nipsu-nappulan\/wp-json\/wp\/v2\/pages\/3101\/revisions\/3484"}],"wp:attachment":[{"href":"http:\/\/preciouscats.net\/nipsu-nappulan\/wp-json\/wp\/v2\/media?parent=3101"}],"curies":[{"name":"wp","href":"https:\/\/api.w.org\/{rel}","templated":true}]}}