{"id":2404,"date":"2021-01-24T14:27:45","date_gmt":"2021-01-24T12:27:45","guid":{"rendered":"http:\/\/preciouscats.net\/nipsu-nappulan\/?page_id=2404"},"modified":"2022-01-04T20:22:19","modified_gmt":"2022-01-04T18:22:19","slug":"c3-nfo-pentue-litter","status":"publish","type":"page","link":"http:\/\/preciouscats.net\/nipsu-nappulan\/pennut\/pentueet\/c3-nfo-pentue-litter\/","title":{"rendered":"C3 NFO-PENTUE\/LITTER"},"content":{"rendered":"<h4 style=\"text-align: center;\">Norjalaisen mets\u00e4kissan C3-pennut syntyiv\u00e4t 14.1.2021 |<br \/>\nNorwegian Forestcat C3-kittens were born 14.1.2021<\/h4>\n<p style=\"text-align: center;\"><a href=\"http:\/\/preciouscats.net\/nipsu-nappulan\/wp-content\/uploads\/2015\/09\/koriste-1.gif\"><img loading=\"lazy\" decoding=\"async\" class=\"size-full wp-image-1433 aligncenter\" src=\"http:\/\/preciouscats.net\/nipsu-nappulan\/wp-content\/uploads\/2015\/09\/koriste-1.gif\" alt=\"koriste\" width=\"126\" height=\"48\" srcset=\"http:\/\/preciouscats.net\/nipsu-nappulan\/wp-content\/uploads\/2015\/09\/koriste-1.gif 126w, http:\/\/preciouscats.net\/nipsu-nappulan\/wp-content\/uploads\/2015\/09\/koriste-1-125x48.gif 125w\" sizes=\"auto, (max-width: 126px) 100vw, 126px\" \/><\/a><\/p>\n<p style=\"text-align: center;\"><a href=\"http:\/\/preciouscats.net\/nipsu-nappulan\/wp-content\/uploads\/2021\/02\/c3_6vko_naamat.jpg\">&#8217;<img loading=\"lazy\" decoding=\"async\" class=\"aligncenter wp-image-2559\" src=\"http:\/\/preciouscats.net\/nipsu-nappulan\/wp-content\/uploads\/2021\/02\/c3_6vko_naamat.jpg\" alt=\"\" width=\"1500\" height=\"300\" srcset=\"http:\/\/preciouscats.net\/nipsu-nappulan\/wp-content\/uploads\/2021\/02\/c3_6vko_naamat.jpg 2000w, http:\/\/preciouscats.net\/nipsu-nappulan\/wp-content\/uploads\/2021\/02\/c3_6vko_naamat-300x60.jpg 300w, http:\/\/preciouscats.net\/nipsu-nappulan\/wp-content\/uploads\/2021\/02\/c3_6vko_naamat-1024x205.jpg 1024w, http:\/\/preciouscats.net\/nipsu-nappulan\/wp-content\/uploads\/2021\/02\/c3_6vko_naamat-768x154.jpg 768w, http:\/\/preciouscats.net\/nipsu-nappulan\/wp-content\/uploads\/2021\/02\/c3_6vko_naamat-1536x307.jpg 1536w, http:\/\/preciouscats.net\/nipsu-nappulan\/wp-content\/uploads\/2021\/02\/c3_6vko_naamat-150x30.jpg 150w\" sizes=\"auto, (max-width: 1500px) 100vw, 1500px\" \/><\/a><\/p>\n<p style=\"text-align: center;\">Kaikki pennut ovat muuttaneet omiin koteihinsa\u00a0 \/<br \/>\nAll the kittens have new homes.<\/p>\n<p style=\"text-align: center;\"><a href=\"http:\/\/preciouscats.net\/nipsu-nappulan\/wp-content\/uploads\/2021\/03\/DSC_7545.jpg\"><img loading=\"lazy\" decoding=\"async\" class=\"aligncenter wp-image-2709\" src=\"http:\/\/preciouscats.net\/nipsu-nappulan\/wp-content\/uploads\/2021\/03\/DSC_7545.jpg\" alt=\"\" width=\"700\" height=\"465\" srcset=\"http:\/\/preciouscats.net\/nipsu-nappulan\/wp-content\/uploads\/2021\/03\/DSC_7545.jpg 800w, http:\/\/preciouscats.net\/nipsu-nappulan\/wp-content\/uploads\/2021\/03\/DSC_7545-300x199.jpg 300w, http:\/\/preciouscats.net\/nipsu-nappulan\/wp-content\/uploads\/2021\/03\/DSC_7545-768x510.jpg 768w, http:\/\/preciouscats.net\/nipsu-nappulan\/wp-content\/uploads\/2021\/03\/DSC_7545-150x100.jpg 150w\" sizes=\"auto, (max-width: 700px) 100vw, 700px\" \/><\/a><strong>LAHJA = FI*Nipsu-Nappulan Cradled in Love (NFO f 03 22)<\/strong><br \/>\n* asuu Pukkilassa \/ lives in Pukkila *<\/p>\n<p>&nbsp;<\/p>\n<p style=\"text-align: center;\"><a href=\"http:\/\/preciouscats.net\/nipsu-nappulan\/wp-content\/uploads\/2021\/03\/DSC_7430.jpg\"><img loading=\"lazy\" decoding=\"async\" class=\"size-full wp-image-2671 aligncenter\" src=\"http:\/\/preciouscats.net\/nipsu-nappulan\/wp-content\/uploads\/2021\/03\/DSC_7430.jpg\" alt=\"\" width=\"800\" height=\"531\" srcset=\"http:\/\/preciouscats.net\/nipsu-nappulan\/wp-content\/uploads\/2021\/03\/DSC_7430.jpg 800w, http:\/\/preciouscats.net\/nipsu-nappulan\/wp-content\/uploads\/2021\/03\/DSC_7430-300x199.jpg 300w, http:\/\/preciouscats.net\/nipsu-nappulan\/wp-content\/uploads\/2021\/03\/DSC_7430-768x510.jpg 768w, http:\/\/preciouscats.net\/nipsu-nappulan\/wp-content\/uploads\/2021\/03\/DSC_7430-150x100.jpg 150w\" sizes=\"auto, (max-width: 800px) 100vw, 800px\" \/><\/a><strong>MARTTA = FI*Nipsu-Nappulan Cosmic Girl (NFO f 03 22)<\/strong><br \/>\n* asuu Muuramessa \/ lives in Muurame *<\/p>\n<p>&nbsp;<\/p>\n<p style=\"text-align: center;\"><a href=\"http:\/\/preciouscats.net\/nipsu-nappulan\/wp-content\/uploads\/2021\/03\/DSC_7488.jpg\"><img loading=\"lazy\" decoding=\"async\" class=\"aligncenter wp-image-2695\" src=\"http:\/\/preciouscats.net\/nipsu-nappulan\/wp-content\/uploads\/2021\/03\/DSC_7488.jpg\" alt=\"\" width=\"700\" height=\"465\" srcset=\"http:\/\/preciouscats.net\/nipsu-nappulan\/wp-content\/uploads\/2021\/03\/DSC_7488.jpg 800w, http:\/\/preciouscats.net\/nipsu-nappulan\/wp-content\/uploads\/2021\/03\/DSC_7488-300x199.jpg 300w, http:\/\/preciouscats.net\/nipsu-nappulan\/wp-content\/uploads\/2021\/03\/DSC_7488-768x510.jpg 768w, http:\/\/preciouscats.net\/nipsu-nappulan\/wp-content\/uploads\/2021\/03\/DSC_7488-150x100.jpg 150w\" sizes=\"auto, (max-width: 700px) 100vw, 700px\" \/><\/a><strong>KALLE = FI*Nipsu-Nappulan Calling Elvis (NFO d 09 24)<\/strong><br \/>\n* asuu Jyv\u00e4skyl\u00e4ss\u00e4 \/ lives in Jyv\u00e4skyl\u00e4 *<\/p>\n<p>&nbsp;<\/p>\n<p style=\"text-align: center;\"><a href=\"http:\/\/preciouscats.net\/nipsu-nappulan\/wp-content\/uploads\/2021\/03\/DSC_7455.jpg\"><img loading=\"lazy\" decoding=\"async\" class=\"aligncenter wp-image-2683\" src=\"http:\/\/preciouscats.net\/nipsu-nappulan\/wp-content\/uploads\/2021\/03\/DSC_7455.jpg\" alt=\"\" width=\"700\" height=\"465\" srcset=\"http:\/\/preciouscats.net\/nipsu-nappulan\/wp-content\/uploads\/2021\/03\/DSC_7455.jpg 800w, http:\/\/preciouscats.net\/nipsu-nappulan\/wp-content\/uploads\/2021\/03\/DSC_7455-300x199.jpg 300w, http:\/\/preciouscats.net\/nipsu-nappulan\/wp-content\/uploads\/2021\/03\/DSC_7455-768x510.jpg 768w, http:\/\/preciouscats.net\/nipsu-nappulan\/wp-content\/uploads\/2021\/03\/DSC_7455-150x100.jpg 150w\" sizes=\"auto, (max-width: 700px) 100vw, 700px\" \/><\/a><strong>KERTTU \/ KEHR\u00c4 = FI*Nipsu-Nappulan Careless Whispers (NFO f 03 22<\/strong>)<br \/>\n* asuu Hensingiss\u00e4\u00a0 \/ lives in Helsinki *<\/p>\n<p>&nbsp;<\/p>\n<p style=\"text-align: center;\"><a href=\"http:\/\/preciouscats.net\/nipsu-nappulan\/wp-content\/uploads\/2021\/03\/DSC_7409.jpg\"><img loading=\"lazy\" decoding=\"async\" class=\"aligncenter wp-image-2661\" src=\"http:\/\/preciouscats.net\/nipsu-nappulan\/wp-content\/uploads\/2021\/03\/DSC_7409.jpg\" alt=\"\" width=\"700\" height=\"465\" srcset=\"http:\/\/preciouscats.net\/nipsu-nappulan\/wp-content\/uploads\/2021\/03\/DSC_7409.jpg 800w, http:\/\/preciouscats.net\/nipsu-nappulan\/wp-content\/uploads\/2021\/03\/DSC_7409-300x199.jpg 300w, http:\/\/preciouscats.net\/nipsu-nappulan\/wp-content\/uploads\/2021\/03\/DSC_7409-768x510.jpg 768w, http:\/\/preciouscats.net\/nipsu-nappulan\/wp-content\/uploads\/2021\/03\/DSC_7409-150x100.jpg 150w\" sizes=\"auto, (max-width: 700px) 100vw, 700px\" \/><\/a><strong>HERTTA = FI*Nipsu-Nappulan Carnival of Rust (NFO f 03 22)<\/strong><br \/>\n* j\u00e4\u00e4 kotiin \/ stays *<\/p>\n<p>&nbsp;<\/p>\n<p><a href=\"http:\/\/preciouscats.net\/nipsu-nappulan\/wp-content\/uploads\/2015\/09\/koriste-1.gif\"><img loading=\"lazy\" decoding=\"async\" class=\"size-full wp-image-1433 aligncenter\" src=\"http:\/\/preciouscats.net\/nipsu-nappulan\/wp-content\/uploads\/2015\/09\/koriste-1.gif\" alt=\"koriste\" width=\"126\" height=\"48\" srcset=\"http:\/\/preciouscats.net\/nipsu-nappulan\/wp-content\/uploads\/2015\/09\/koriste-1.gif 126w, http:\/\/preciouscats.net\/nipsu-nappulan\/wp-content\/uploads\/2015\/09\/koriste-1-125x48.gif 125w\" sizes=\"auto, (max-width: 126px) 100vw, 126px\" \/><\/a><\/p>\n<p style=\"text-align: center;\"><a href=\"http:\/\/kissat.kissaliitto.fi\/perusnaytto_kissa?id=270120\">Sukutaulu (klikkaa \u201dsukupuu\u201d) | Pedigree (click \u201dsukupuu\u201d)\u00a0<\/a><\/p>\n<h5 style=\"text-align: center;\"><a href=\"http:\/\/preciouscats.net\/nipsu-nappulan\/wp-content\/uploads\/2015\/09\/koriste-1.gif\"><img loading=\"lazy\" decoding=\"async\" class=\"size-full wp-image-1433 aligncenter\" src=\"http:\/\/preciouscats.net\/nipsu-nappulan\/wp-content\/uploads\/2015\/09\/koriste-1.gif\" alt=\"koriste\" width=\"126\" height=\"48\" srcset=\"http:\/\/preciouscats.net\/nipsu-nappulan\/wp-content\/uploads\/2015\/09\/koriste-1.gif 126w, http:\/\/preciouscats.net\/nipsu-nappulan\/wp-content\/uploads\/2015\/09\/koriste-1-125x48.gif 125w\" sizes=\"auto, (max-width: 126px) 100vw, 126px\" \/><\/a>Vanhemmat<\/h5>\n<p style=\"text-align: center;\"><a href=\"http:\/\/preciouscats.net\/nipsu-nappulan\/wp-content\/uploads\/2020\/12\/borje_x_hilmax4.jpg\"><img loading=\"lazy\" decoding=\"async\" class=\"size-full wp-image-2364 aligncenter\" src=\"http:\/\/preciouscats.net\/nipsu-nappulan\/wp-content\/uploads\/2020\/12\/borje_x_hilmax4.jpg\" alt=\"\" width=\"600\" height=\"600\" srcset=\"http:\/\/preciouscats.net\/nipsu-nappulan\/wp-content\/uploads\/2020\/12\/borje_x_hilmax4.jpg 600w, http:\/\/preciouscats.net\/nipsu-nappulan\/wp-content\/uploads\/2020\/12\/borje_x_hilmax4-300x300.jpg 300w, http:\/\/preciouscats.net\/nipsu-nappulan\/wp-content\/uploads\/2020\/12\/borje_x_hilmax4-150x150.jpg 150w\" sizes=\"auto, (max-width: 600px) 100vw, 600px\" \/><\/a>is\u00e4 \/ sire: FI*Ratakatin Bj\u00f6rn (NFO d 02 21)<br \/>\n<a href=\"http:\/\/kissat.kissaliitto.fi\/perusnaytto_kissa?id=242011\">Sukutaulu (klikkaa \u201dsukupuu\u201d) | Pedigree (click \u201dsukupuu\u201d)<\/a><br \/>\nemo \/ dam: IC S*Myselisia&#8217;s Campari (NFO f 09 23)<br \/>\n<a href=\"http:\/\/kissat.kissaliitto.fi\/perusnaytto_kissa?id=239239\">Sukutaulu (klikkaa \u201dsukupuu\u201d) | Pedigree (click \u201dsukupuu\u201d)<\/a><\/p>\n<p><a href=\"http:\/\/preciouscats.net\/nipsu-nappulan\/wp-content\/uploads\/2015\/09\/koriste-1.gif\"><img loading=\"lazy\" decoding=\"async\" class=\"size-full wp-image-1433 aligncenter\" src=\"http:\/\/preciouscats.net\/nipsu-nappulan\/wp-content\/uploads\/2015\/09\/koriste-1.gif\" alt=\"koriste\" width=\"126\" height=\"48\" srcset=\"http:\/\/preciouscats.net\/nipsu-nappulan\/wp-content\/uploads\/2015\/09\/koriste-1.gif 126w, http:\/\/preciouscats.net\/nipsu-nappulan\/wp-content\/uploads\/2015\/09\/koriste-1-125x48.gif 125w\" sizes=\"auto, (max-width: 126px) 100vw, 126px\" \/><\/a><\/p>\n<p style=\"text-align: center;\">[envira-gallery id=&#8221;2435&#8243;]<\/p>\n","protected":false},"excerpt":{"rendered":"<p>Norjalaisen mets\u00e4kissan C3-pennut syntyiv\u00e4t 14.1.2021 | Norwegian Forestcat C3-kittens were born 14.1.2021 &#8217; Kaikki pennut ovat muuttaneet omiin koteihinsa\u00a0 \/ All the kittens have new homes. LAHJA = FI*Nipsu-Nappulan Cradled in Love (NFO f 03 22) * asuu Pukkilassa \/ lives in Pukkila * &nbsp; MARTTA = FI*Nipsu-Nappulan Cosmic Girl&#8230;<\/p>\n<p> <a class=\"continue-reading-link\" href=\"http:\/\/preciouscats.net\/nipsu-nappulan\/pennut\/pentueet\/c3-nfo-pentue-litter\/\"><span>Jatka lukemista<\/span><i class=\"crycon-right-dir\"><\/i><\/a> <\/p>\n","protected":false},"author":4,"featured_media":0,"parent":1449,"menu_order":0,"comment_status":"closed","ping_status":"closed","template":"","meta":{"footnotes":""},"class_list":["post-2404","page","type-page","status-publish","hentry"],"_links":{"self":[{"href":"http:\/\/preciouscats.net\/nipsu-nappulan\/wp-json\/wp\/v2\/pages\/2404","targetHints":{"allow":["GET"]}}],"collection":[{"href":"http:\/\/preciouscats.net\/nipsu-nappulan\/wp-json\/wp\/v2\/pages"}],"about":[{"href":"http:\/\/preciouscats.net\/nipsu-nappulan\/wp-json\/wp\/v2\/types\/page"}],"author":[{"embeddable":true,"href":"http:\/\/preciouscats.net\/nipsu-nappulan\/wp-json\/wp\/v2\/users\/4"}],"replies":[{"embeddable":true,"href":"http:\/\/preciouscats.net\/nipsu-nappulan\/wp-json\/wp\/v2\/comments?post=2404"}],"version-history":[{"count":15,"href":"http:\/\/preciouscats.net\/nipsu-nappulan\/wp-json\/wp\/v2\/pages\/2404\/revisions"}],"predecessor-version":[{"id":2880,"href":"http:\/\/preciouscats.net\/nipsu-nappulan\/wp-json\/wp\/v2\/pages\/2404\/revisions\/2880"}],"up":[{"embeddable":true,"href":"http:\/\/preciouscats.net\/nipsu-nappulan\/wp-json\/wp\/v2\/pages\/1449"}],"wp:attachment":[{"href":"http:\/\/preciouscats.net\/nipsu-nappulan\/wp-json\/wp\/v2\/media?parent=2404"}],"curies":[{"name":"wp","href":"https:\/\/api.w.org\/{rel}","templated":true}]}}