{"id":2077,"date":"2020-08-14T21:31:51","date_gmt":"2020-08-14T19:31:51","guid":{"rendered":"http:\/\/preciouscats.net\/nipsu-nappulan\/?page_id=2077"},"modified":"2021-02-01T23:34:04","modified_gmt":"2021-02-01T21:34:04","slug":"b3-nfo-pentue-litter","status":"publish","type":"page","link":"http:\/\/preciouscats.net\/nipsu-nappulan\/pennut\/pentueet\/b3-nfo-pentue-litter\/","title":{"rendered":"B3 NFO-PENTUE\/LITTER"},"content":{"rendered":"\r\n<h4 style=\"text-align: center;\">B3- NORJALAISEN METS\u00c4KISSAN PENTUE<br \/>B3- NORWEGIAN FORESTCAT LITTER<\/h4>\r\n<p style=\"text-align: center;\"><span class=\"oi732d6d ik7dh3pa d2edcug0 qv66sw1b c1et5uql a8c37x1j muag1w35 ew0dbk1b jq4qci2q a3bd9o3v knj5qynh oo9gr5id\" dir=\"auto\">FI*Nipsu-Nappulan 52. pentue eli B3-pentue syntyi 26.7.2020. <br \/>Pentue on meid\u00e4n ensimm\u00e4inen norjalaisen mets\u00e4kissan pentue &#8211; 4 suloista pentua.<\/span><\/p>\r\n<p style=\"text-align: center;\"><span class=\"oi732d6d ik7dh3pa d2edcug0 qv66sw1b c1et5uql a8c37x1j muag1w35 ew0dbk1b jq4qci2q a3bd9o3v knj5qynh oo9gr5id\" dir=\"auto\"><br \/><a href=\"http:\/\/preciouscats.net\/nipsu-nappulan\/wp-content\/uploads\/2020\/09\/DSC_3550.jpg\"><img loading=\"lazy\" decoding=\"async\" class=\"alignnone wp-image-2253\" src=\"http:\/\/preciouscats.net\/nipsu-nappulan\/wp-content\/uploads\/2020\/09\/DSC_3550.jpg\" alt=\"\" width=\"800\" height=\"531\" srcset=\"http:\/\/preciouscats.net\/nipsu-nappulan\/wp-content\/uploads\/2020\/09\/DSC_3550.jpg 1200w, http:\/\/preciouscats.net\/nipsu-nappulan\/wp-content\/uploads\/2020\/09\/DSC_3550-300x199.jpg 300w, http:\/\/preciouscats.net\/nipsu-nappulan\/wp-content\/uploads\/2020\/09\/DSC_3550-1024x680.jpg 1024w, http:\/\/preciouscats.net\/nipsu-nappulan\/wp-content\/uploads\/2020\/09\/DSC_3550-768x510.jpg 768w, http:\/\/preciouscats.net\/nipsu-nappulan\/wp-content\/uploads\/2020\/09\/DSC_3550-150x100.jpg 150w\" sizes=\"auto, (max-width: 800px) 100vw, 800px\" \/><\/a><br \/>FI*Nipsu-Nappulan Blinding Lights, NFO ns 09 23, \u201dOIVA\u201d<br \/><\/span>FI*Nipsu-Nappulan Baby Shark, NFO f 09 24, \u201dSOHVI\u201d<br \/>FI*Nipsu-Nappulan Brave Heart, NFO d 09 22, \u201dSAMPO\u201d<br \/>FI*Nipsu-Nappulan Bohemian Rhapsody, NFO n 09 23, \u201dNIKKE\u201d<br \/><br \/><a href=\"http:\/\/preciouscats.net\/nipsu-nappulan\/wp-content\/uploads\/2015\/09\/koriste-1.gif\"><img loading=\"lazy\" decoding=\"async\" class=\"size-full wp-image-1433 aligncenter\" src=\"http:\/\/preciouscats.net\/nipsu-nappulan\/wp-content\/uploads\/2015\/09\/koriste-1.gif\" alt=\"\" width=\"126\" height=\"48\" srcset=\"http:\/\/preciouscats.net\/nipsu-nappulan\/wp-content\/uploads\/2015\/09\/koriste-1.gif 126w, http:\/\/preciouscats.net\/nipsu-nappulan\/wp-content\/uploads\/2015\/09\/koriste-1-125x48.gif 125w\" sizes=\"auto, (max-width: 126px) 100vw, 126px\" \/><\/a><br \/><br \/><\/p>\r\n<p style=\"text-align: center;\"><a href=\"http:\/\/preciouscats.net\/nipsu-nappulan\/wp-content\/uploads\/2020\/10\/nikke_0746.jpg\"><img loading=\"lazy\" decoding=\"async\" class=\"aligncenter wp-image-2329\" src=\"http:\/\/preciouscats.net\/nipsu-nappulan\/wp-content\/uploads\/2020\/10\/nikke_0746.jpg\" alt=\"\" width=\"800\" height=\"591\" srcset=\"http:\/\/preciouscats.net\/nipsu-nappulan\/wp-content\/uploads\/2020\/10\/nikke_0746.jpg 1200w, http:\/\/preciouscats.net\/nipsu-nappulan\/wp-content\/uploads\/2020\/10\/nikke_0746-300x222.jpg 300w, http:\/\/preciouscats.net\/nipsu-nappulan\/wp-content\/uploads\/2020\/10\/nikke_0746-1024x756.jpg 1024w, http:\/\/preciouscats.net\/nipsu-nappulan\/wp-content\/uploads\/2020\/10\/nikke_0746-768x567.jpg 768w, http:\/\/preciouscats.net\/nipsu-nappulan\/wp-content\/uploads\/2020\/10\/nikke_0746-150x111.jpg 150w\" sizes=\"auto, (max-width: 800px) 100vw, 800px\" \/><\/a><strong>FI*Nipsu-Nappulan Bohemian Rhapsody, NFO n 09 23, \u201dNIKKE\u201d<\/strong><br \/><br \/><\/p>\r\n<p style=\"text-align: center;\"><a href=\"http:\/\/preciouscats.net\/nipsu-nappulan\/wp-content\/uploads\/2015\/09\/koriste-1.gif\"><img loading=\"lazy\" decoding=\"async\" class=\"size-full wp-image-1433 aligncenter\" src=\"http:\/\/preciouscats.net\/nipsu-nappulan\/wp-content\/uploads\/2015\/09\/koriste-1.gif\" alt=\"\" width=\"126\" height=\"48\" srcset=\"http:\/\/preciouscats.net\/nipsu-nappulan\/wp-content\/uploads\/2015\/09\/koriste-1.gif 126w, http:\/\/preciouscats.net\/nipsu-nappulan\/wp-content\/uploads\/2015\/09\/koriste-1-125x48.gif 125w\" sizes=\"auto, (max-width: 126px) 100vw, 126px\" \/><\/a><\/p>\r\n<p style=\"text-align: center;\"><a href=\"http:\/\/preciouscats.net\/nipsu-nappulan\/wp-content\/uploads\/2020\/10\/oiva_0664.jpg\"><img loading=\"lazy\" decoding=\"async\" class=\"aligncenter wp-image-2341\" src=\"http:\/\/preciouscats.net\/nipsu-nappulan\/wp-content\/uploads\/2020\/10\/oiva_0664.jpg\" alt=\"\" width=\"800\" height=\"613\" srcset=\"http:\/\/preciouscats.net\/nipsu-nappulan\/wp-content\/uploads\/2020\/10\/oiva_0664.jpg 800w, http:\/\/preciouscats.net\/nipsu-nappulan\/wp-content\/uploads\/2020\/10\/oiva_0664-300x230.jpg 300w, http:\/\/preciouscats.net\/nipsu-nappulan\/wp-content\/uploads\/2020\/10\/oiva_0664-768x588.jpg 768w, http:\/\/preciouscats.net\/nipsu-nappulan\/wp-content\/uploads\/2020\/10\/oiva_0664-150x115.jpg 150w\" sizes=\"auto, (max-width: 800px) 100vw, 800px\" \/><\/a><span class=\"oi732d6d ik7dh3pa d2edcug0 qv66sw1b c1et5uql a8c37x1j muag1w35 ew0dbk1b jq4qci2q a3bd9o3v knj5qynh oo9gr5id\" dir=\"auto\"><strong>FI*Nipsu-Nappulan Blinding Lights, NFO ns 09 23, \u201dOIVA\u201d<\/strong><br \/><br \/><\/span><\/p>\r\n<p style=\"text-align: center;\"><a href=\"http:\/\/preciouscats.net\/nipsu-nappulan\/wp-content\/uploads\/2015\/09\/koriste-1.gif\"><img loading=\"lazy\" decoding=\"async\" class=\"size-full wp-image-1433 aligncenter\" src=\"http:\/\/preciouscats.net\/nipsu-nappulan\/wp-content\/uploads\/2015\/09\/koriste-1.gif\" alt=\"\" width=\"126\" height=\"48\" srcset=\"http:\/\/preciouscats.net\/nipsu-nappulan\/wp-content\/uploads\/2015\/09\/koriste-1.gif 126w, http:\/\/preciouscats.net\/nipsu-nappulan\/wp-content\/uploads\/2015\/09\/koriste-1-125x48.gif 125w\" sizes=\"auto, (max-width: 126px) 100vw, 126px\" \/><\/a><\/p>\r\n<p style=\"text-align: center;\"><a href=\"http:\/\/preciouscats.net\/nipsu-nappulan\/wp-content\/uploads\/2020\/10\/sampo_0757.jpg\"><img loading=\"lazy\" decoding=\"async\" class=\"aligncenter wp-image-2337\" src=\"http:\/\/preciouscats.net\/nipsu-nappulan\/wp-content\/uploads\/2020\/10\/sampo_0757.jpg\" alt=\"\" width=\"518\" height=\"660\" srcset=\"http:\/\/preciouscats.net\/nipsu-nappulan\/wp-content\/uploads\/2020\/10\/sampo_0757.jpg 471w, http:\/\/preciouscats.net\/nipsu-nappulan\/wp-content\/uploads\/2020\/10\/sampo_0757-236x300.jpg 236w, http:\/\/preciouscats.net\/nipsu-nappulan\/wp-content\/uploads\/2020\/10\/sampo_0757-118x150.jpg 118w\" sizes=\"auto, (max-width: 518px) 100vw, 518px\" \/><\/a><strong>FI*Nipsu-Nappulan Brave Heart, NFO d 09 22, \u201dSAMPO\u201d<\/strong><br \/><br \/><\/p>\r\n<p><a href=\"http:\/\/preciouscats.net\/nipsu-nappulan\/wp-content\/uploads\/2015\/09\/koriste-1.gif\"><img loading=\"lazy\" decoding=\"async\" class=\"size-full wp-image-1433 aligncenter\" src=\"http:\/\/preciouscats.net\/nipsu-nappulan\/wp-content\/uploads\/2015\/09\/koriste-1.gif\" alt=\"\" width=\"126\" height=\"48\" srcset=\"http:\/\/preciouscats.net\/nipsu-nappulan\/wp-content\/uploads\/2015\/09\/koriste-1.gif 126w, http:\/\/preciouscats.net\/nipsu-nappulan\/wp-content\/uploads\/2015\/09\/koriste-1-125x48.gif 125w\" sizes=\"auto, (max-width: 126px) 100vw, 126px\" \/><\/a><\/p>\r\n<p style=\"text-align: center;\"><a href=\"http:\/\/preciouscats.net\/nipsu-nappulan\/wp-content\/uploads\/2020\/10\/sohvi_0708.jpg\"><img loading=\"lazy\" decoding=\"async\" class=\"aligncenter wp-image-2336\" src=\"http:\/\/preciouscats.net\/nipsu-nappulan\/wp-content\/uploads\/2020\/10\/sohvi_0708.jpg\" alt=\"\" width=\"800\" height=\"502\" srcset=\"http:\/\/preciouscats.net\/nipsu-nappulan\/wp-content\/uploads\/2020\/10\/sohvi_0708.jpg 800w, http:\/\/preciouscats.net\/nipsu-nappulan\/wp-content\/uploads\/2020\/10\/sohvi_0708-300x188.jpg 300w, http:\/\/preciouscats.net\/nipsu-nappulan\/wp-content\/uploads\/2020\/10\/sohvi_0708-768x482.jpg 768w, http:\/\/preciouscats.net\/nipsu-nappulan\/wp-content\/uploads\/2020\/10\/sohvi_0708-150x94.jpg 150w\" sizes=\"auto, (max-width: 800px) 100vw, 800px\" \/><\/a><strong>FI*Nipsu-Nappulan Baby Shark, NFO f 09 24, \u201dSOHVI\u201d<\/strong><br \/><br \/><\/p>\r\n<p style=\"text-align: center;\"><a href=\"http:\/\/preciouscats.net\/nipsu-nappulan\/wp-content\/uploads\/2015\/09\/koriste-1.gif\"><img loading=\"lazy\" decoding=\"async\" class=\"size-full wp-image-1433 aligncenter\" src=\"http:\/\/preciouscats.net\/nipsu-nappulan\/wp-content\/uploads\/2015\/09\/koriste-1.gif\" alt=\"\" width=\"126\" height=\"48\" srcset=\"http:\/\/preciouscats.net\/nipsu-nappulan\/wp-content\/uploads\/2015\/09\/koriste-1.gif 126w, http:\/\/preciouscats.net\/nipsu-nappulan\/wp-content\/uploads\/2015\/09\/koriste-1-125x48.gif 125w\" sizes=\"auto, (max-width: 126px) 100vw, 126px\" \/><\/a><\/p>\r\n<p style=\"text-align: center;\"><a href=\"http:\/\/preciouscats.net\/nipsu-nappulan\/wp-content\/uploads\/2020\/06\/parruxhilma_uusin_kerran_viel.jpg\"><img loading=\"lazy\" decoding=\"async\" class=\"alignnone size-full wp-image-2023 aligncenter\" src=\"http:\/\/preciouscats.net\/nipsu-nappulan\/wp-content\/uploads\/2020\/06\/parruxhilma_uusin_kerran_viel.jpg\" alt=\"\" width=\"600\" height=\"300\" srcset=\"http:\/\/preciouscats.net\/nipsu-nappulan\/wp-content\/uploads\/2020\/06\/parruxhilma_uusin_kerran_viel.jpg 600w, http:\/\/preciouscats.net\/nipsu-nappulan\/wp-content\/uploads\/2020\/06\/parruxhilma_uusin_kerran_viel-300x150.jpg 300w, http:\/\/preciouscats.net\/nipsu-nappulan\/wp-content\/uploads\/2020\/06\/parruxhilma_uusin_kerran_viel-150x75.jpg 150w\" sizes=\"auto, (max-width: 600px) 100vw, 600px\" \/><\/a>is\u00e4\/sire: GIC FI*Koivunpes\u00e4n Parru (NFO ns 03 22)\u00a0 <a href=\"https:\/\/pawpeds.com\/db\/?a=p&amp;id=1358038&amp;g=4&amp;p=nfo&amp;date=iso&amp;o=ajgrep&amp;fbclid=IwAR2MPsgEvMNf7c6zupy5tPm1l9_ieam6EWpxQDafDAk7CKAfmy_cvrkO8tI\">Sukutaulu | Pedigree<\/a><br \/>emo\/dam: IC S*Myselia\u2019s Campari (NFO f 09 23) <a href=\"http:\/\/kissat.kissaliitto.fi\/perusnaytto_kissa?id=239239\" target=\"_blank\" rel=\"noopener noreferrer\">Sukutaulu (klikkaa \u201dsukupuu\u201d)\u00a0 |\u00a0 Pedigree (click \u201dsukupuu\u201d)<\/a><\/p>\r\n<p style=\"text-align: center;\">Molemmat vanhemmat testattuja:<br \/>HCM \u2013 Normal <br \/>GSD4 \u2013 Normal through parents<br \/>PKdef \u2013 Normal<br \/>FIV &amp; FeLV \u2013 Neg <br \/>Bloodtype A<\/p>\r\n<p>&nbsp;<\/p>\r\n<p style=\"text-align: center;\"><a href=\"http:\/\/preciouscats.net\/nipsu-nappulan\/wp-content\/uploads\/2015\/09\/koriste-1.gif\"><img loading=\"lazy\" decoding=\"async\" class=\"size-full wp-image-1433 aligncenter\" src=\"http:\/\/preciouscats.net\/nipsu-nappulan\/wp-content\/uploads\/2015\/09\/koriste-1.gif\" alt=\"\" width=\"126\" height=\"48\" srcset=\"http:\/\/preciouscats.net\/nipsu-nappulan\/wp-content\/uploads\/2015\/09\/koriste-1.gif 126w, http:\/\/preciouscats.net\/nipsu-nappulan\/wp-content\/uploads\/2015\/09\/koriste-1-125x48.gif 125w\" sizes=\"auto, (max-width: 126px) 100vw, 126px\" \/><\/a><\/p>\r\n<p>&nbsp;<\/p>\r\n<p style=\"text-align: center;\">[envira-gallery id=&#8221;2110&#8243;]<\/p>\r\n","protected":false},"excerpt":{"rendered":"<p>B3- NORJALAISEN METS\u00c4KISSAN PENTUEB3- NORWEGIAN FORESTCAT LITTER FI*Nipsu-Nappulan 52. pentue eli B3-pentue syntyi 26.7.2020. Pentue on meid\u00e4n ensimm\u00e4inen norjalaisen mets\u00e4kissan pentue &#8211; 4 suloista pentua. FI*Nipsu-Nappulan Blinding Lights, NFO ns 09 23, \u201dOIVA\u201dFI*Nipsu-Nappulan Baby Shark, NFO f 09 24, \u201dSOHVI\u201dFI*Nipsu-Nappulan Brave Heart, NFO d 09 22, \u201dSAMPO\u201dFI*Nipsu-Nappulan Bohemian Rhapsody, NFO&#8230;<\/p>\n<p> <a class=\"continue-reading-link\" href=\"http:\/\/preciouscats.net\/nipsu-nappulan\/pennut\/pentueet\/b3-nfo-pentue-litter\/\"><span>Jatka lukemista<\/span><i class=\"crycon-right-dir\"><\/i><\/a> <\/p>\n","protected":false},"author":5,"featured_media":0,"parent":1449,"menu_order":0,"comment_status":"closed","ping_status":"closed","template":"","meta":{"footnotes":""},"class_list":["post-2077","page","type-page","status-publish","hentry"],"_links":{"self":[{"href":"http:\/\/preciouscats.net\/nipsu-nappulan\/wp-json\/wp\/v2\/pages\/2077","targetHints":{"allow":["GET"]}}],"collection":[{"href":"http:\/\/preciouscats.net\/nipsu-nappulan\/wp-json\/wp\/v2\/pages"}],"about":[{"href":"http:\/\/preciouscats.net\/nipsu-nappulan\/wp-json\/wp\/v2\/types\/page"}],"author":[{"embeddable":true,"href":"http:\/\/preciouscats.net\/nipsu-nappulan\/wp-json\/wp\/v2\/users\/5"}],"replies":[{"embeddable":true,"href":"http:\/\/preciouscats.net\/nipsu-nappulan\/wp-json\/wp\/v2\/comments?post=2077"}],"version-history":[{"count":23,"href":"http:\/\/preciouscats.net\/nipsu-nappulan\/wp-json\/wp\/v2\/pages\/2077\/revisions"}],"predecessor-version":[{"id":2465,"href":"http:\/\/preciouscats.net\/nipsu-nappulan\/wp-json\/wp\/v2\/pages\/2077\/revisions\/2465"}],"up":[{"embeddable":true,"href":"http:\/\/preciouscats.net\/nipsu-nappulan\/wp-json\/wp\/v2\/pages\/1449"}],"wp:attachment":[{"href":"http:\/\/preciouscats.net\/nipsu-nappulan\/wp-json\/wp\/v2\/media?parent=2077"}],"curies":[{"name":"wp","href":"https:\/\/api.w.org\/{rel}","templated":true}]}}