{"id":1473,"date":"2019-10-07T21:27:50","date_gmt":"2019-10-07T19:27:50","guid":{"rendered":"http:\/\/preciouscats.net\/nipsu-nappulan\/?page_id=1473"},"modified":"2025-12-15T00:23:07","modified_gmt":"2025-12-14T22:23:07","slug":"esittely","status":"publish","type":"page","link":"http:\/\/preciouscats.net\/nipsu-nappulan\/kissala-cattery\/esittely\/","title":{"rendered":"Esittely | About us"},"content":{"rendered":"<h3 style=\"text-align: center;\">Esittely \/ About us<\/h3>\n<div id=\"attachment_1623\" style=\"width: 410px\" class=\"wp-caption alignleft\"><a href=\"http:\/\/preciouscats.net\/nipsu-nappulan\/wp-content\/uploads\/2019\/10\/niinapusuhilma_hartola.jpg\"><img loading=\"lazy\" decoding=\"async\" aria-describedby=\"caption-attachment-1623\" class=\"wp-image-1623\" src=\"http:\/\/preciouscats.net\/nipsu-nappulan\/wp-content\/uploads\/2019\/10\/niinapusuhilma_hartola-300x300.jpg\" alt=\"niinapusuhilma_hartola\" width=\"400\" height=\"400\" srcset=\"http:\/\/preciouscats.net\/nipsu-nappulan\/wp-content\/uploads\/2019\/10\/niinapusuhilma_hartola-300x300.jpg 300w, http:\/\/preciouscats.net\/nipsu-nappulan\/wp-content\/uploads\/2019\/10\/niinapusuhilma_hartola-150x150.jpg 150w, http:\/\/preciouscats.net\/nipsu-nappulan\/wp-content\/uploads\/2019\/10\/niinapusuhilma_hartola.jpg 657w\" sizes=\"auto, (max-width: 400px) 100vw, 400px\" \/><\/a><p id=\"caption-attachment-1623\" class=\"wp-caption-text\">Niina &amp; Hilma<\/p><\/div>\n<p style=\"text-align: left;\"><em>Nipsu-Nappulan kasvattajanimen takaa l\u00f6ydyn min\u00e4 &#8211; Niina Kokki (os. Lankinen, jona osa minut muistaa viel\u00e4kin), ruuhkakavuosissa el\u00e4v\u00e4 perheen\u00e4iti. Ty\u00f6skentelen ty\u00f6terveyshuollossa ammattilaisena sek\u00e4 esihenkil\u00f6n\u00e4. Perheeseen kuuluu 2010 ja 2013 syntyneet lapset sek\u00e4 kolme kissaa. Kotipaikkakuntamme on ollut Siuntio\u00a0 syksyst\u00e4 2018 alkaen (alle 50 km Helsingist\u00e4).<\/em><\/p>\n<p style=\"text-align: left;\"><em>Aloitin kasvattamisen 14-vuotiaana vuonna 1992 &#8211; siit\u00e4 voinee p\u00e4\u00e4tell\u00e4, miten vanha\u00a0olenkaan t\u00e4ll\u00e4 hetkell\u00e4! \ud83d\ude42 Aluksi rotuna oli persialainen, mutta 1996 mukaan tuli my\u00f6s sisarrotu exotic. 2019 maailmankuva laajeni ja syd\u00e4men vei lis\u00e4ksi norjalainen mets\u00e4kissa.<\/em><\/p>\n<p style=\"text-align: left;\"><em>Kissat ovat meille perheenj\u00e4seni\u00e4, ja siksi haluamme pit\u00e4\u00e4 kissojen m\u00e4\u00e4r\u00e4n kohtuullisena. Kasvattamisen ovat mahdollistaneet hyv\u00e4t sijoituskodit, joiden kanssa yhteisty\u00f6 on sujunut antoisasti. Todenn\u00e4k\u00f6isesti jatkossakin etsimme yhteisty\u00f6haluisia perheit\u00e4 sijoituskodeiksi.<\/em><\/p>\n<p>&nbsp;<\/p>\n<p style=\"text-align: center;\"><a href=\"http:\/\/preciouscats.net\/nipsu-nappulan\/wp-content\/uploads\/2015\/09\/koriste-1.gif\"><img loading=\"lazy\" decoding=\"async\" class=\"size-full wp-image-1433 aligncenter\" src=\"http:\/\/preciouscats.net\/nipsu-nappulan\/wp-content\/uploads\/2015\/09\/koriste-1.gif\" alt=\"koriste\" width=\"126\" height=\"48\" srcset=\"http:\/\/preciouscats.net\/nipsu-nappulan\/wp-content\/uploads\/2015\/09\/koriste-1.gif 126w, http:\/\/preciouscats.net\/nipsu-nappulan\/wp-content\/uploads\/2015\/09\/koriste-1-125x48.gif 125w\" sizes=\"auto, (max-width: 126px) 100vw, 126px\" \/><\/a><\/p>\n<div id=\"attachment_1582\" style=\"width: 410px\" class=\"wp-caption alignright\"><a href=\"http:\/\/preciouscats.net\/nipsu-nappulan\/wp-content\/uploads\/2020\/01\/niina_ja_ullajpg.jpg\"><img loading=\"lazy\" decoding=\"async\" aria-describedby=\"caption-attachment-1582\" class=\"wp-image-1582\" src=\"http:\/\/preciouscats.net\/nipsu-nappulan\/wp-content\/uploads\/2020\/01\/niina_ja_ullajpg-300x300.jpg\" alt=\"niina_ja_ullajpg\" width=\"400\" height=\"400\" srcset=\"http:\/\/preciouscats.net\/nipsu-nappulan\/wp-content\/uploads\/2020\/01\/niina_ja_ullajpg-300x300.jpg 300w, http:\/\/preciouscats.net\/nipsu-nappulan\/wp-content\/uploads\/2020\/01\/niina_ja_ullajpg-150x150.jpg 150w, http:\/\/preciouscats.net\/nipsu-nappulan\/wp-content\/uploads\/2020\/01\/niina_ja_ullajpg.jpg 696w\" sizes=\"auto, (max-width: 400px) 100vw, 400px\" \/><\/a><p id=\"caption-attachment-1582\" class=\"wp-caption-text\">Niina &amp; Ulla<\/p><\/div>\n<p style=\"text-align: right;\"><span class=\"tlid-translation translation\" lang=\"en\"><em><span title=\"\">I&#8217;m Niina Kokki (born Lankinen), the breeder of the cattery Nipsu-Nappulan. I&#8217;m the mother of the family living in the busy years.<\/span> <span class=\"tlid-translation translation\" lang=\"en\"><span title=\"\">Our family includes my children born in 2010 and 2013, and 3 cats.<\/span><\/span> <span title=\"\">Our home town has been Siuntio since autumn 2018 &#8211; it&#8217;s under 50 km from Helsinki, the capital of Finland.<\/span> <span title=\"\">I work as a professional and manager in occupational health care.<\/span> <\/em><\/span><\/p>\n<p style=\"text-align: right;\"><em><span class=\"\" title=\"\">I started breeding at the age of 14 in 1992 &#8211; well, you can figure out how old I am now!<\/span> <span class=\"\" title=\"\">\ud83d\ude42 At first the breed was Persian, but in 1996 also a sister breed exotic.<\/span> <\/em><span class=\"\" title=\"\"><em>In 2019, we fell in love with Norwegian forest cats.<\/em><br \/>\n<\/span><\/p>\n<p>&nbsp;<\/p>\n<p style=\"text-align: center;\"><a href=\"http:\/\/preciouscats.net\/nipsu-nappulan\/wp-content\/uploads\/2015\/09\/koriste-1.gif\"><img loading=\"lazy\" decoding=\"async\" class=\"aligncenter wp-image-1433 size-full\" src=\"http:\/\/preciouscats.net\/nipsu-nappulan\/wp-content\/uploads\/2015\/09\/koriste-1.gif\" alt=\"koriste\" width=\"126\" height=\"48\" srcset=\"http:\/\/preciouscats.net\/nipsu-nappulan\/wp-content\/uploads\/2015\/09\/koriste-1.gif 126w, http:\/\/preciouscats.net\/nipsu-nappulan\/wp-content\/uploads\/2015\/09\/koriste-1-125x48.gif 125w\" sizes=\"auto, (max-width: 126px) 100vw, 126px\" \/><\/a><\/p>\n<p style=\"text-align: center;\"><a href=\"http:\/\/preciouscats.net\/nipsu-nappulan\/wp-content\/uploads\/2020\/02\/villejaeemil.jpg\"><img loading=\"lazy\" decoding=\"async\" class=\"alignnone wp-image-1712 size-full\" src=\"http:\/\/preciouscats.net\/nipsu-nappulan\/wp-content\/uploads\/2020\/02\/villejaeemil.jpg\" alt=\"villejaeemil\" width=\"400\" height=\"600\" srcset=\"http:\/\/preciouscats.net\/nipsu-nappulan\/wp-content\/uploads\/2020\/02\/villejaeemil.jpg 400w, http:\/\/preciouscats.net\/nipsu-nappulan\/wp-content\/uploads\/2020\/02\/villejaeemil-200x300.jpg 200w, http:\/\/preciouscats.net\/nipsu-nappulan\/wp-content\/uploads\/2020\/02\/villejaeemil-100x150.jpg 100w\" sizes=\"auto, (max-width: 400px) 100vw, 400px\" \/><\/a><a href=\"http:\/\/preciouscats.net\/nipsu-nappulan\/wp-content\/uploads\/2020\/01\/villejaeemil.jpg\">\u00a0<\/a><\/p>\n<p style=\"text-align: center;\">Poikani ja Nipsu-Nappulan pentuja vuonna 2016 ja 2014.<br \/>\nMy son and Nipsu-Nappulan kittens in 2016 and 2014.<\/p>\n<p style=\"text-align: center;\"><a href=\"http:\/\/preciouscats.net\/nipsu-nappulan\/wp-content\/uploads\/2020\/01\/mikkojaville.jpg\"><img loading=\"lazy\" decoding=\"async\" class=\"alignnone wp-image-1599 size-full\" src=\"http:\/\/preciouscats.net\/nipsu-nappulan\/wp-content\/uploads\/2020\/01\/mikkojaville.jpg\" alt=\"mikkojaville\" width=\"600\" height=\"454\" srcset=\"http:\/\/preciouscats.net\/nipsu-nappulan\/wp-content\/uploads\/2020\/01\/mikkojaville.jpg 600w, http:\/\/preciouscats.net\/nipsu-nappulan\/wp-content\/uploads\/2020\/01\/mikkojaville-300x227.jpg 300w, http:\/\/preciouscats.net\/nipsu-nappulan\/wp-content\/uploads\/2020\/01\/mikkojaville-150x114.jpg 150w\" sizes=\"auto, (max-width: 600px) 100vw, 600px\" \/><\/a><\/p>\n<p>Lapsuuden kodissani koiramme kuoltua tuli ajankohtaiseksi uuden lemmikin hankkiminen. Uusi koira tuntui liian ty\u00f6l\u00e4\u00e4lt\u00e4 hoitaa, joten mietimme muita vaihtoehtoja. Samoihin aikoihin lehdess\u00e4 sattui olemaan artikkeli persialaiskissasta ja my\u00f6s Persialaiskissayhdistys (silloinen jaosto) j\u00e4rjesti esittelyn\u00e4yttelyn, jossa vierailimme is\u00e4ni kanssa. Esittelyn\u00e4yttelyn j\u00e4lkeen valinta oli varma: persialaiskissa sen olla pit\u00e4\u00e4!<\/p>\n<p>Siisp\u00e4 syksyll\u00e4 1991 meille muutti ensimm\u00e4inen persialaisemme, <strong>Hope&#8217;s Cecilia (PER e 03)<\/strong>. Cecilia oli lemmikkitasoinen, mutta silti halusimme koittaa n\u00e4yttelyit\u00e4 sen kanssa. No, eip\u00e4 se liiemmin p\u00e4rj\u00e4nnyt, mutta kipin\u00e4 n\u00e4yttelyihin j\u00e4i&#8230; Cecilian kaveriksi hankittiin Casimir eli <strong>Sweynas Abd-El Khalid (PER d)<\/strong>. Ensimm\u00e4inen Nipsu-Nappulan pentue syntyi 1.8.1992 t\u00e4lle kaksikolle, ja siit\u00e4 j\u00e4i kotiin Nipsu-Nappulan Abracadabra (PER e 03) eli Puppe. Varsinaiset n\u00e4yttelytasoiset kissat meille muutti 1993 &#8211; Nikke eli <strong>EP &amp; EC Deraza Quite Nice (PER a 03)<\/strong> ja Sohvi eli <strong>EP &amp; EC Honeydew Black Lollipop (PER n)<\/strong>. Siit\u00e4 ei sitten en\u00e4\u00e4 paluuta ollutkaan, vaan &#8221;kissahulluus&#8221; oli tullut j\u00e4\u00e4d\u00e4kseen.<\/p>\n<p>Persialaiskissojen lis\u00e4ksi kasvatukseen tulivat mukaan exoticit eli persialaisen lyhytkarvainen sisarrotu vuonna 1996. N\u00e4yttelyit\u00e4 on kierretty ymp\u00e4ri Suomea ja maailmaakin aina Wieniss\u00e4, Saksassa, Ateenassa, Bergeniss\u00e4 ja Kokkolassa. Kasvatuskissoja on tullut USA:sta <strong>EC Spelbound Nip-Zu Napsulan (EXO a(s) 03 24)<\/strong>, Ruotsista <strong>IC Bocasana&#8217;s Victoria (PER a 02)<\/strong>, <strong>EC Q Cat&#8217;s 4 His Eyes Only (EXO n 02 21)<\/strong>, <strong>EC Petr\u00e9s Cuijote (EXO e 03)<\/strong> ja Latviasta <strong>Magicsunrise Odissea (EXO g 03 23)<\/strong>.<\/p>\n<p><a href=\"http:\/\/preciouscats.net\/nipsu-nappulan\/wp-content\/uploads\/2020\/02\/minea_hilmavauva.jpg\"><img loading=\"lazy\" decoding=\"async\" class=\"alignleft wp-image-1709 size-full\" src=\"http:\/\/preciouscats.net\/nipsu-nappulan\/wp-content\/uploads\/2020\/02\/minea_hilmavauva.jpg\" alt=\"minea_hilmavauva\" width=\"450\" height=\"600\" srcset=\"http:\/\/preciouscats.net\/nipsu-nappulan\/wp-content\/uploads\/2020\/02\/minea_hilmavauva.jpg 450w, http:\/\/preciouscats.net\/nipsu-nappulan\/wp-content\/uploads\/2020\/02\/minea_hilmavauva-225x300.jpg 225w, http:\/\/preciouscats.net\/nipsu-nappulan\/wp-content\/uploads\/2020\/02\/minea_hilmavauva-113x150.jpg 113w\" sizes=\"auto, (max-width: 450px) 100vw, 450px\" \/><\/a><\/p>\n<p>Nipsu-Nappulan pentueita on syntynyt yhteens\u00e4 49 vuodesta 1996 alkaen. Omien lasten syntym\u00e4n my\u00f6t\u00e4 kasvatus ja n\u00e4yttelyiss\u00e4 k\u00e4yminen ei ollut niin kovin aktiivista. Nipsu-Nappuloita on muuttanut muutamia my\u00f6s ulkomaille: Nipsu-Nappulan Queen Bee (EXO f03) ja Nipsu-Nappulan Ctrl Alt Del (EXO n 01 21) Englantiin, Nipsu-Nappulan&#8230; Kreikkaan ja Nipsu-Nappulan So Pure, JW Viroon.<\/p>\n<p>Asuimme Norjassa 2016-2017. Koti-Suomeen palattuamme j\u00e4imme kaipaamaan Norjaa: upeita maisemia vuonoineen ja vuorineen, yst\u00e4v\u00e4llisi\u00e4 ihmisi\u00e4, naapureiden karvaisia kissoja&#8230; Siit\u00e4 se ajatus sitten l\u00e4hti&#8230; Tytt\u00e4reni alkoi toivoa kovasti norjalaista mets\u00e4kissaa&#8230; Syntt\u00e4rilahjaksi, joululahjaksi, taas syntt\u00e4rilahjaksi jne&#8230; Lopulta min\u00e4kin aloin hiljalleen tutkailemaan rotua n\u00e4yttelyiss\u00e4 ja kasvattajien kotisivuilla. Kev\u00e4\u00e4ll\u00e4 2019 aika oli kyps\u00e4, ja meille muutti Ruotsista norjalainen mets\u00e4kissa <strong>S*Myselia&#8217;s Campari (NFO f 09 23)<\/strong> eli Hilma, todellinen kaunotar.<\/p>\n<p>&nbsp;<\/p>\n<p><a href=\"http:\/\/preciouscats.net\/nipsu-nappulan\/wp-content\/uploads\/2020\/02\/hilma_minea_ulkona_2019_12.jpg\"><img loading=\"lazy\" decoding=\"async\" class=\"alignnone wp-image-1704 size-full\" src=\"http:\/\/preciouscats.net\/nipsu-nappulan\/wp-content\/uploads\/2020\/02\/hilma_minea_ulkona_2019_12.jpg\" alt=\"hilma_minea_ulkona_2019_12\" width=\"600\" height=\"400\" srcset=\"http:\/\/preciouscats.net\/nipsu-nappulan\/wp-content\/uploads\/2020\/02\/hilma_minea_ulkona_2019_12.jpg 600w, http:\/\/preciouscats.net\/nipsu-nappulan\/wp-content\/uploads\/2020\/02\/hilma_minea_ulkona_2019_12-300x200.jpg 300w, http:\/\/preciouscats.net\/nipsu-nappulan\/wp-content\/uploads\/2020\/02\/hilma_minea_ulkona_2019_12-150x100.jpg 150w\" sizes=\"auto, (max-width: 600px) 100vw, 600px\" \/><\/a><\/p>\n<p>&nbsp;<\/p>\n<p>&nbsp;<\/p>\n<p>&nbsp;<\/p>\n","protected":false},"excerpt":{"rendered":"<p>Esittely \/ About us Nipsu-Nappulan kasvattajanimen takaa l\u00f6ydyn min\u00e4 &#8211; Niina Kokki (os. Lankinen, jona osa minut muistaa viel\u00e4kin), ruuhkakavuosissa el\u00e4v\u00e4 perheen\u00e4iti. Ty\u00f6skentelen ty\u00f6terveyshuollossa ammattilaisena sek\u00e4 esihenkil\u00f6n\u00e4. Perheeseen kuuluu 2010 ja 2013 syntyneet lapset sek\u00e4 kolme kissaa. Kotipaikkakuntamme on ollut Siuntio\u00a0 syksyst\u00e4 2018 alkaen (alle 50 km Helsingist\u00e4). Aloitin kasvattamisen&#8230;<\/p>\n<p> <a class=\"continue-reading-link\" href=\"http:\/\/preciouscats.net\/nipsu-nappulan\/kissala-cattery\/esittely\/\"><span>Jatka lukemista<\/span><i class=\"crycon-right-dir\"><\/i><\/a> <\/p>\n","protected":false},"author":4,"featured_media":0,"parent":1506,"menu_order":0,"comment_status":"closed","ping_status":"closed","template":"","meta":{"footnotes":""},"class_list":["post-1473","page","type-page","status-publish","hentry"],"_links":{"self":[{"href":"http:\/\/preciouscats.net\/nipsu-nappulan\/wp-json\/wp\/v2\/pages\/1473","targetHints":{"allow":["GET"]}}],"collection":[{"href":"http:\/\/preciouscats.net\/nipsu-nappulan\/wp-json\/wp\/v2\/pages"}],"about":[{"href":"http:\/\/preciouscats.net\/nipsu-nappulan\/wp-json\/wp\/v2\/types\/page"}],"author":[{"embeddable":true,"href":"http:\/\/preciouscats.net\/nipsu-nappulan\/wp-json\/wp\/v2\/users\/4"}],"replies":[{"embeddable":true,"href":"http:\/\/preciouscats.net\/nipsu-nappulan\/wp-json\/wp\/v2\/comments?post=1473"}],"version-history":[{"count":26,"href":"http:\/\/preciouscats.net\/nipsu-nappulan\/wp-json\/wp\/v2\/pages\/1473\/revisions"}],"predecessor-version":[{"id":3509,"href":"http:\/\/preciouscats.net\/nipsu-nappulan\/wp-json\/wp\/v2\/pages\/1473\/revisions\/3509"}],"up":[{"embeddable":true,"href":"http:\/\/preciouscats.net\/nipsu-nappulan\/wp-json\/wp\/v2\/pages\/1506"}],"wp:attachment":[{"href":"http:\/\/preciouscats.net\/nipsu-nappulan\/wp-json\/wp\/v2\/media?parent=1473"}],"curies":[{"name":"wp","href":"https:\/\/api.w.org\/{rel}","templated":true}]}}