{"id":1453,"date":"2019-10-06T12:30:49","date_gmt":"2019-10-06T10:30:49","guid":{"rendered":"http:\/\/preciouscats.net\/nipsu-nappulan\/?page_id=1453"},"modified":"2022-05-06T18:24:50","modified_gmt":"2022-05-06T16:24:50","slug":"suunnitelmia","status":"publish","type":"page","link":"http:\/\/preciouscats.net\/nipsu-nappulan\/pennut\/suunnitelmia\/","title":{"rendered":"Suunnitelmia | Plans"},"content":{"rendered":"<h3 style=\"text-align: center;\">Suunnitelmissa norjalaisen mets\u00e4kissan pentuja<br \/>\nvuonna 2022&#8230;<\/h3>\n<p><img loading=\"lazy\" decoding=\"async\" class=\"aligncenter wp-image-1433 size-full\" src=\"http:\/\/preciouscats.net\/nipsu-nappulan\/wp-content\/uploads\/2015\/09\/koriste-1.gif\" alt=\"koriste\" width=\"126\" height=\"48\" srcset=\"http:\/\/preciouscats.net\/nipsu-nappulan\/wp-content\/uploads\/2015\/09\/koriste-1.gif 126w, http:\/\/preciouscats.net\/nipsu-nappulan\/wp-content\/uploads\/2015\/09\/koriste-1-125x48.gif 125w\" sizes=\"auto, (max-width: 126px) 100vw, 126px\" \/><\/p>\n<h3 style=\"text-align: center;\">Planning Norwegian Forest Cat kittens\u00a0in 2022&#8230;<\/h3>\n<p>&nbsp;<\/p>\n<p><img loading=\"lazy\" decoding=\"async\" class=\"aligncenter wp-image-1433 size-full\" src=\"http:\/\/preciouscats.net\/nipsu-nappulan\/wp-content\/uploads\/2015\/09\/koriste-1.gif\" alt=\"koriste\" width=\"126\" height=\"48\" srcset=\"http:\/\/preciouscats.net\/nipsu-nappulan\/wp-content\/uploads\/2015\/09\/koriste-1.gif 126w, http:\/\/preciouscats.net\/nipsu-nappulan\/wp-content\/uploads\/2015\/09\/koriste-1-125x48.gif 125w\" sizes=\"auto, (max-width: 126px) 100vw, 126px\" \/><\/p>\n<h4 style=\"text-align: center;\">Odotettavissa kes\u00e4kuussa 2022 \/ Expecting in June 2022<\/h4>\n<p style=\"text-align: center;\">GUCCI x HUURRE<img loading=\"lazy\" decoding=\"async\" class=\"aligncenter wp-image-3303 size-full\" src=\"http:\/\/preciouscats.net\/nipsu-nappulan\/wp-content\/uploads\/2022\/05\/gucci_x_huurre.jpg\" alt=\"\" width=\"600\" height=\"300\" srcset=\"http:\/\/preciouscats.net\/nipsu-nappulan\/wp-content\/uploads\/2022\/05\/gucci_x_huurre.jpg 600w, http:\/\/preciouscats.net\/nipsu-nappulan\/wp-content\/uploads\/2022\/05\/gucci_x_huurre-300x150.jpg 300w, http:\/\/preciouscats.net\/nipsu-nappulan\/wp-content\/uploads\/2022\/05\/gucci_x_huurre-150x75.jpg 150w\" sizes=\"auto, (max-width: 600px) 100vw, 600px\" \/><\/p>\n<p style=\"text-align: center;\">is\u00e4 \/ sire: IC IT* Eryn Galen Gwindor (NFO ds 22)<br \/>\n<a href=\"http:\/\/kissat.kissaliitto.fi\/perusnaytto_kissa.aspx?id=279554\" target=\"_blank\" rel=\"noopener\">Sukutaulu (klikkaa \u201dsukupuu\u201d) | Pedigree (click \u201dsukupuu\u201d)<\/a><br \/>\nemo \/ dam: DK Toonscat&#8217;s Hurricane (NFO fs 02 21 64)<br \/>\n<a href=\"http:\/\/kissat.kissaliitto.fi\/perusnaytto_kissa.aspx?id=271182\" target=\"_blank\" rel=\"noopener\">Sukutaulu (klikkaa \u201dsukupuu\u201d) | Pedigree (click \u201dsukupuu\u201d)<\/a><\/p>\n<p>&nbsp;<\/p>\n<p><img loading=\"lazy\" decoding=\"async\" class=\"aligncenter wp-image-1433 size-full\" src=\"http:\/\/preciouscats.net\/nipsu-nappulan\/wp-content\/uploads\/2015\/09\/koriste-1.gif\" alt=\"koriste\" width=\"126\" height=\"48\" srcset=\"http:\/\/preciouscats.net\/nipsu-nappulan\/wp-content\/uploads\/2015\/09\/koriste-1.gif 126w, http:\/\/preciouscats.net\/nipsu-nappulan\/wp-content\/uploads\/2015\/09\/koriste-1-125x48.gif 125w\" sizes=\"auto, (max-width: 126px) 100vw, 126px\" \/><\/p>\n<h4 style=\"text-align: center;\">Odotettavissa kes\u00e4kuussa 2022 \/ Expecting in June 2022<\/h4>\n<p style=\"text-align: center;\">GUCCI x KEHR\u00c4<img loading=\"lazy\" decoding=\"async\" class=\"aligncenter wp-image-3304 size-full\" src=\"http:\/\/preciouscats.net\/nipsu-nappulan\/wp-content\/uploads\/2022\/05\/gucci_x_kehra.jpg\" alt=\"\" width=\"600\" height=\"300\" srcset=\"http:\/\/preciouscats.net\/nipsu-nappulan\/wp-content\/uploads\/2022\/05\/gucci_x_kehra.jpg 600w, http:\/\/preciouscats.net\/nipsu-nappulan\/wp-content\/uploads\/2022\/05\/gucci_x_kehra-300x150.jpg 300w, http:\/\/preciouscats.net\/nipsu-nappulan\/wp-content\/uploads\/2022\/05\/gucci_x_kehra-150x75.jpg 150w\" sizes=\"auto, (max-width: 600px) 100vw, 600px\" \/><br \/>\nis\u00e4 \/ sire: IC IT* Eryn Galen Gwindor (NFO ds 22)<br \/>\n<a href=\"http:\/\/kissat.kissaliitto.fi\/perusnaytto_kissa.aspx?id=279554\" target=\"_blank\" rel=\"noopener\">Sukutaulu (klikkaa \u201dsukupuu\u201d) | Pedigree (click \u201dsukupuu\u201d)<\/a><br \/>\nemo \/ dam: FI*Nipsu-Nappulan Careless Whispers (NFO f 03 22)<br \/>\n<a href=\"http:\/\/kissat.kissaliitto.fi\/perusnaytto_kissa.aspx?id=270119\" target=\"_blank\" rel=\"noopener\">Sukutaulu (klikkaa \u201dsukupuu\u201d) | Pedigree (click \u201dsukupuu\u201d)<\/a><\/p>\n<p>&nbsp;<\/p>\n<p>&nbsp;<\/p>\n<p><a href=\"http:\/\/preciouscats.net\/nipsu-nappulan\/wp-content\/uploads\/2015\/09\/koriste-1.gif\"><img loading=\"lazy\" decoding=\"async\" class=\"size-full wp-image-1433 aligncenter\" src=\"http:\/\/preciouscats.net\/nipsu-nappulan\/wp-content\/uploads\/2015\/09\/koriste-1.gif\" alt=\"koriste\" width=\"126\" height=\"48\" srcset=\"http:\/\/preciouscats.net\/nipsu-nappulan\/wp-content\/uploads\/2015\/09\/koriste-1.gif 126w, http:\/\/preciouscats.net\/nipsu-nappulan\/wp-content\/uploads\/2015\/09\/koriste-1-125x48.gif 125w\" sizes=\"auto, (max-width: 126px) 100vw, 126px\" \/><\/a><\/p>\n<h4 style=\"text-align: center;\">Syksyll\u00e4 2022 \/ Autumn 2022<\/h4>\n<p style=\"text-align: center;\">GUCCI x THIGRIS<img loading=\"lazy\" decoding=\"async\" class=\"aligncenter wp-image-3305 size-full\" src=\"http:\/\/preciouscats.net\/nipsu-nappulan\/wp-content\/uploads\/2022\/05\/gucci_x_thigris_uusi.jpg\" alt=\"\" width=\"600\" height=\"300\" srcset=\"http:\/\/preciouscats.net\/nipsu-nappulan\/wp-content\/uploads\/2022\/05\/gucci_x_thigris_uusi.jpg 600w, http:\/\/preciouscats.net\/nipsu-nappulan\/wp-content\/uploads\/2022\/05\/gucci_x_thigris_uusi-300x150.jpg 300w, http:\/\/preciouscats.net\/nipsu-nappulan\/wp-content\/uploads\/2022\/05\/gucci_x_thigris_uusi-150x75.jpg 150w\" sizes=\"auto, (max-width: 600px) 100vw, 600px\" \/><\/p>\n<p style=\"text-align: center;\">is\u00e4 \/ sire: IC IT* Eryn Galen Gwindor (NFO ds 22)<br \/>\n<a href=\"http:\/\/kissat.kissaliitto.fi\/perusnaytto_kissa.aspx?id=279554\" target=\"_blank\" rel=\"noopener\">Sukutaulu (klikkaa \u201dsukupuu\u201d) | Pedigree (click \u201dsukupuu\u201d)<\/a><br \/>\nemo \/ dam: IC S*Utblicken&#8217;s Thigris (NFO fs 09 24)<br \/>\n<a href=\"http:\/\/kissat.kissaliitto.fi\/perusnaytto_kissa?id=264446\" target=\"_blank\" rel=\"noopener\">Sukutaulu (klikkaa \u201dsukupuu\u201d) | Pedigree (click \u201dsukupuu\u201d)<\/a><\/p>\n<p>&nbsp;<\/p>\n<p><a href=\"http:\/\/preciouscats.net\/nipsu-nappulan\/wp-content\/uploads\/2015\/09\/koriste-1.gif\"><img loading=\"lazy\" decoding=\"async\" class=\"size-full wp-image-1433 aligncenter\" src=\"http:\/\/preciouscats.net\/nipsu-nappulan\/wp-content\/uploads\/2015\/09\/koriste-1.gif\" alt=\"koriste\" width=\"126\" height=\"48\" srcset=\"http:\/\/preciouscats.net\/nipsu-nappulan\/wp-content\/uploads\/2015\/09\/koriste-1.gif 126w, http:\/\/preciouscats.net\/nipsu-nappulan\/wp-content\/uploads\/2015\/09\/koriste-1-125x48.gif 125w\" sizes=\"auto, (max-width: 126px) 100vw, 126px\" \/><\/a><\/p>\n<h4 style=\"text-align: center;\">Kev\u00e4\u00e4ll\u00e4\/kes\u00e4ll\u00e4 2023 \/ in Spring\/Summer 2023<\/h4>\n<p style=\"text-align: center;\">NIKKE x THIGRIS<img loading=\"lazy\" decoding=\"async\" class=\"size-full wp-image-2827 aligncenter\" src=\"http:\/\/preciouscats.net\/nipsu-nappulan\/wp-content\/uploads\/2021\/11\/nikke_x_thigris.jpg\" alt=\"\" width=\"600\" height=\"300\" srcset=\"http:\/\/preciouscats.net\/nipsu-nappulan\/wp-content\/uploads\/2021\/11\/nikke_x_thigris.jpg 600w, http:\/\/preciouscats.net\/nipsu-nappulan\/wp-content\/uploads\/2021\/11\/nikke_x_thigris-300x150.jpg 300w, http:\/\/preciouscats.net\/nipsu-nappulan\/wp-content\/uploads\/2021\/11\/nikke_x_thigris-150x75.jpg 150w\" sizes=\"auto, (max-width: 600px) 100vw, 600px\" \/>is\u00e4 \/ sire: CH FI*Nipsu-Nappulan Bohemian Rhapsody (NFO n 03 24)<br \/>\n<a href=\"http:\/\/kissat.kissaliitto.fi\/perusnaytto_kissa.aspx?id=262098\" target=\"_blank\" rel=\"noopener\">Sukutaulu (klikkaa \u201dsukupuu\u201d) | Pedigree (click \u201dsukupuu\u201d)<\/a><br \/>\nemo \/ dam: IC S*Utblicken&#8217;s Thigris (NFO fs 09 24)<br \/>\n<a href=\"http:\/\/kissat.kissaliitto.fi\/perusnaytto_kissa.aspx?id=264446\" target=\"_blank\" rel=\"noopener\">Sukutaulu (klikkaa \u201dsukupuu\u201d) | Pedigree (click \u201dsukupuu\u201d)<\/a><\/p>\n<p><img loading=\"lazy\" decoding=\"async\" class=\"aligncenter wp-image-1433 size-full\" src=\"http:\/\/preciouscats.net\/nipsu-nappulan\/wp-content\/uploads\/2015\/09\/koriste-1.gif\" alt=\"koriste\" width=\"126\" height=\"48\" srcset=\"http:\/\/preciouscats.net\/nipsu-nappulan\/wp-content\/uploads\/2015\/09\/koriste-1.gif 126w, http:\/\/preciouscats.net\/nipsu-nappulan\/wp-content\/uploads\/2015\/09\/koriste-1-125x48.gif 125w\" sizes=\"auto, (max-width: 126px) 100vw, 126px\" \/><\/p>\n<h4 style=\"text-align: center;\">Ehk\u00e4 2023.. \/ Maybe 2023..<\/h4>\n<p style=\"text-align: center;\">GUCCI x HILMA<img loading=\"lazy\" decoding=\"async\" class=\"aligncenter wp-image-3302 size-full\" src=\"http:\/\/preciouscats.net\/nipsu-nappulan\/wp-content\/uploads\/2022\/05\/gucci_x_hilma.jpg\" alt=\"\" width=\"600\" height=\"300\" srcset=\"http:\/\/preciouscats.net\/nipsu-nappulan\/wp-content\/uploads\/2022\/05\/gucci_x_hilma.jpg 600w, http:\/\/preciouscats.net\/nipsu-nappulan\/wp-content\/uploads\/2022\/05\/gucci_x_hilma-300x150.jpg 300w, http:\/\/preciouscats.net\/nipsu-nappulan\/wp-content\/uploads\/2022\/05\/gucci_x_hilma-150x75.jpg 150w\" sizes=\"auto, (max-width: 600px) 100vw, 600px\" \/><\/p>\n<p style=\"text-align: center;\">is\u00e4 \/ sire: IC IT* Eryn Galen Gwindor (NFO ds 22)<br \/>\n<a href=\"http:\/\/kissat.kissaliitto.fi\/perusnaytto_kissa.aspx?id=279554\" target=\"_blank\" rel=\"noopener\">Sukutaulu (klikkaa \u201dsukupuu\u201d) | Pedigree (click \u201dsukupuu\u201d)<\/a><br \/>\nemo \/ dam: GIC S*Myselisia&#8217;s Campari (NFO f 09 23)<br \/>\n<a href=\"http:\/\/kissat.kissaliitto.fi\/perusnaytto_kissa?id=239239\" target=\"_blank\" rel=\"noopener\">Sukutaulu (klikkaa \u201dsukupuu\u201d) | Pedigree (click \u201dsukupuu\u201d)<\/a><\/p>\n<p>&nbsp;<\/p>\n<p><img loading=\"lazy\" decoding=\"async\" class=\"aligncenter wp-image-1433 size-full\" src=\"http:\/\/preciouscats.net\/nipsu-nappulan\/wp-content\/uploads\/2015\/09\/koriste-1.gif\" alt=\"koriste\" width=\"126\" height=\"48\" srcset=\"http:\/\/preciouscats.net\/nipsu-nappulan\/wp-content\/uploads\/2015\/09\/koriste-1.gif 126w, http:\/\/preciouscats.net\/nipsu-nappulan\/wp-content\/uploads\/2015\/09\/koriste-1-125x48.gif 125w\" sizes=\"auto, (max-width: 126px) 100vw, 126px\" \/><\/p>\n<p style=\"text-align: center;\">Kysy lis\u00e4\u00e4: Niina Kokki<br \/>\npuh. 040 525 3869 (iltaisin)<br \/>\nniina.kokki@gmail.com<\/p>\n","protected":false},"excerpt":{"rendered":"<p>Suunnitelmissa norjalaisen mets\u00e4kissan pentuja vuonna 2022&#8230; Planning Norwegian Forest Cat kittens\u00a0in 2022&#8230; &nbsp; Odotettavissa kes\u00e4kuussa 2022 \/ Expecting in June 2022 GUCCI x HUURRE is\u00e4 \/ sire: IC IT* Eryn Galen Gwindor (NFO ds 22) Sukutaulu (klikkaa \u201dsukupuu\u201d) | Pedigree (click \u201dsukupuu\u201d) emo \/ dam: DK Toonscat&#8217;s Hurricane (NFO fs&#8230;<\/p>\n<p> <a class=\"continue-reading-link\" href=\"http:\/\/preciouscats.net\/nipsu-nappulan\/pennut\/suunnitelmia\/\"><span>Jatka lukemista<\/span><i class=\"crycon-right-dir\"><\/i><\/a> <\/p>\n","protected":false},"author":4,"featured_media":0,"parent":31,"menu_order":0,"comment_status":"closed","ping_status":"closed","template":"","meta":{"footnotes":""},"class_list":["post-1453","page","type-page","status-publish","hentry"],"_links":{"self":[{"href":"http:\/\/preciouscats.net\/nipsu-nappulan\/wp-json\/wp\/v2\/pages\/1453","targetHints":{"allow":["GET"]}}],"collection":[{"href":"http:\/\/preciouscats.net\/nipsu-nappulan\/wp-json\/wp\/v2\/pages"}],"about":[{"href":"http:\/\/preciouscats.net\/nipsu-nappulan\/wp-json\/wp\/v2\/types\/page"}],"author":[{"embeddable":true,"href":"http:\/\/preciouscats.net\/nipsu-nappulan\/wp-json\/wp\/v2\/users\/4"}],"replies":[{"embeddable":true,"href":"http:\/\/preciouscats.net\/nipsu-nappulan\/wp-json\/wp\/v2\/comments?post=1453"}],"version-history":[{"count":36,"href":"http:\/\/preciouscats.net\/nipsu-nappulan\/wp-json\/wp\/v2\/pages\/1453\/revisions"}],"predecessor-version":[{"id":3306,"href":"http:\/\/preciouscats.net\/nipsu-nappulan\/wp-json\/wp\/v2\/pages\/1453\/revisions\/3306"}],"up":[{"embeddable":true,"href":"http:\/\/preciouscats.net\/nipsu-nappulan\/wp-json\/wp\/v2\/pages\/31"}],"wp:attachment":[{"href":"http:\/\/preciouscats.net\/nipsu-nappulan\/wp-json\/wp\/v2\/media?parent=1453"}],"curies":[{"name":"wp","href":"https:\/\/api.w.org\/{rel}","templated":true}]}}